{"id":9760,"date":"2024-07-30T09:21:46","date_gmt":"2024-07-30T07:21:46","guid":{"rendered":"http:\/\/localhost\/getac\/?page_id=9760"},"modified":"2024-07-31T12:24:48","modified_gmt":"2024-07-31T10:24:48","slug":"medicinske-doplnky","status":"publish","type":"page","link":"https:\/\/medicalpc.cz\/en\/produkty\/medicinske-doplnky\/","title":{"rendered":"Medical accessories"},"content":{"rendered":"<div class=\"wp-block-columns is-layout-flex wp-container-core-columns-is-layout-9d6595d7 wp-block-columns-is-layout-flex\">\n<div class=\"wp-block-column is-vertically-aligned-center is-layout-flow wp-block-column-is-layout-flow\" style=\"flex-basis:75%\">\n<p style=\"font-size:16px\">The keyboards offered are always IP65 or IP68 rated and can therefore be disinfected frequently and thoroughly without risk of damage. They are ideal for medical environments because they are resistant to spilling liquids, which is a common risk in laboratories, for example.<\/p>\n\n\n\n<p style=\"font-size:16px\">Their durability and easy maintenance contribute to a high level of hygiene, and their ergonomic design and precise key response ensure comfortable and efficient operation. The keyboards are designed to withstand frequent use and harsh conditions, ensuring a long service life.<\/p>\n<\/div>\n\n\n\n<div class=\"wp-block-column is-layout-flow wp-block-column-is-layout-flow\" style=\"flex-basis:25%\"><div class=\"wp-block-image\">\n<figure class=\"aligncenter size-large\"><img decoding=\"async\" src=\"https:\/\/medicalpc.cz\/wp-content\/uploads\/2024\/07\/doplnky-klavesnice-700x700.jpg\" alt=\"\"\/><\/figure>\n<\/div><\/div>\n<\/div>\n\n\n\n<div class=\"wp-block-columns is-layout-flex wp-container-core-columns-is-layout-9d6595d7 wp-block-columns-is-layout-flex\">\n<div class=\"wp-block-column is-layout-flow wp-block-column-is-layout-flow\" style=\"flex-basis:25%\"><div class=\"wp-block-image\">\n<figure class=\"aligncenter size-large\"><img decoding=\"async\" src=\"https:\/\/medicalpc.cz\/wp-content\/uploads\/2024\/07\/doplnky-mys-700x700.jpg\" alt=\"\"\/><\/figure>\n<\/div><\/div>\n\n\n\n<div class=\"wp-block-column is-vertically-aligned-center is-layout-flow wp-block-column-is-layout-flow\" style=\"flex-basis:75%\">\n<p style=\"font-size:16px\">Offered with IP65 or IP68 protection, the mice are designed to meet the highest hygiene standards in medical environments. They are completely water and dust resistant, allowing for frequent and thorough disinfection.<\/p>\n\n\n\n<p style=\"font-size:16px\">Thanks to the special surface and materials, bacteria do not accumulate on them. A precision optical or laser sensor ensures smooth and accurate control, which is crucial for medical applications. The ergonomic design contributes to comfortable working even with prolonged use.<\/p>\n<\/div>\n<\/div>\n\n\n\n<div class=\"wp-block-buttons is-content-justification-center is-layout-flex wp-container-core-buttons-is-layout-16018d1d wp-block-buttons-is-layout-flex\">\n<div class=\"wp-block-button has-custom-font-size button is-style-fill has-medium-font-size\"><a class=\"wp-block-button__link has-white-color has-text-color has-background has-link-color wp-element-button\" href=\"https:\/\/eshop.autocont-ipc.cz\/kategorie-produktu\/medicinska-technika\/medicinske-klavesnice-a-mysi\/\" style=\"border-radius:3px;background-color:#cf091c\">View all products in category medical accessories<\/a><\/div>\n<\/div>","protected":false},"excerpt":{"rendered":"Nab\u00edzen\u00e9 kl\u00e1vesnice jsou v\u017edy vybaveny stupn\u011bm kryt\u00edm IP65 nebo IP68 a d\u00edky tomu je lze \u010dasto a d\u016fkladn\u011b dezinfikovat bez rizika po\u0161kozen\u00ed. Jsou ide\u00e1ln\u00edm \u0159e\u0161en\u00edm pro l\u00e9ka\u0159sk\u00e9 prost\u0159ed\u00ed, proto\u017ee jsou odoln\u00e9 v\u016f\u010di polit\u00ed tekutinou, co\u017e je \u010dast\u00fdm rizikem nap\u0159. v laborato\u0159\u00edch. D\u00edky sv\u00e9 odolnosti a snadn\u00e9 \u00fadr\u017eb\u011b p\u0159isp\u00edvaj\u00ed k vysok\u00e9 \u00farovni hygieny a jejich ergonomick\u00fd [&hellip;]","protected":false},"author":2,"featured_media":9889,"parent":15,"menu_order":0,"comment_status":"closed","ping_status":"closed","template":"page-product-category.php","meta":{"tpgb_global_settings":"","footnotes":""},"class_list":["post-9760","page","type-page","status-publish","has-post-thumbnail","hentry"],"yoast_head":"<!-- This site is optimized with the Yoast SEO plugin v27.1.1 - https:\/\/yoast.com\/product\/yoast-seo-wordpress\/ -->\r\n<title>Medic\u00ednsk\u00e9 dopl\u0148ky | MedicalPC<\/title>\r\n<meta name=\"description\" content=\"Medic\u00ednsk\u00e9 kl\u00e1vesnice a my\u0161i spl\u0148uj\u00ed antibakteri\u00e1ln\u00ed po\u017eadavky a jsou vod\u011bodoln\u00e9. Lze je snadno \u010distit pod tekouc\u00ed vodou nebo v my\u010dce.\" \/>\r\n<meta name=\"robots\" content=\"index, follow, max-snippet:-1, max-image-preview:large, max-video-preview:-1\" \/>\r\n<link rel=\"canonical\" href=\"https:\/\/medicalpc.cz\/en\/produkty\/medicinske-doplnky\/\" \/>\r\n<meta property=\"og:locale\" content=\"en_GB\" \/>\r\n<meta property=\"og:type\" content=\"article\" \/>\r\n<meta property=\"og:title\" content=\"Medic\u00ednsk\u00e9 dopl\u0148ky | MedicalPC\" \/>\r\n<meta property=\"og:description\" content=\"Medic\u00ednsk\u00e9 kl\u00e1vesnice a my\u0161i spl\u0148uj\u00ed antibakteri\u00e1ln\u00ed po\u017eadavky a jsou vod\u011bodoln\u00e9. Lze je snadno \u010distit pod tekouc\u00ed vodou nebo v my\u010dce.\" \/>\r\n<meta property=\"og:url\" content=\"https:\/\/medicalpc.cz\/en\/produkty\/medicinske-doplnky\/\" \/>\r\n<meta property=\"og:site_name\" content=\"MedicalPC\" \/>\r\n<meta property=\"article:modified_time\" content=\"2024-07-31T10:24:48+00:00\" \/>\r\n<meta property=\"og:image\" content=\"https:\/\/medicalpc.cz\/wp-content\/uploads\/2024\/07\/doplnky.jpg\" \/>\r\n\t<meta property=\"og:image:width\" content=\"812\" \/>\r\n\t<meta property=\"og:image:height\" content=\"340\" \/>\r\n\t<meta property=\"og:image:type\" content=\"image\/jpeg\" \/>\r\n<meta name=\"twitter:card\" content=\"summary_large_image\" \/>\r\n<meta name=\"twitter:label1\" content=\"Estimated reading time\" \/>\n\t<meta name=\"twitter:data1\" content=\"2 minutes\" \/>\r\n<script type=\"application\/ld+json\" class=\"yoast-schema-graph\">{\"@context\":\"https:\/\/schema.org\",\"@graph\":[{\"@type\":\"WebPage\",\"@id\":\"https:\/\/medicalpc.cz\/produkty\/medicinske-doplnky\/\",\"url\":\"https:\/\/medicalpc.cz\/produkty\/medicinske-doplnky\/\",\"name\":\"Medic\u00ednsk\u00e9 dopl\u0148ky | MedicalPC\",\"isPartOf\":{\"@id\":\"https:\/\/medicalpc.cz\/#website\"},\"primaryImageOfPage\":{\"@id\":\"https:\/\/medicalpc.cz\/produkty\/medicinske-doplnky\/#primaryimage\"},\"image\":{\"@id\":\"https:\/\/medicalpc.cz\/produkty\/medicinske-doplnky\/#primaryimage\"},\"thumbnailUrl\":\"https:\/\/medicalpc.cz\/wp-content\/uploads\/2024\/07\/doplnky.jpg\",\"datePublished\":\"2024-07-30T07:21:46+00:00\",\"dateModified\":\"2024-07-31T10:24:48+00:00\",\"description\":\"Medic\u00ednsk\u00e9 kl\u00e1vesnice a my\u0161i spl\u0148uj\u00ed antibakteri\u00e1ln\u00ed po\u017eadavky a jsou vod\u011bodoln\u00e9. Lze je snadno \u010distit pod tekouc\u00ed vodou nebo v my\u010dce.\",\"breadcrumb\":{\"@id\":\"https:\/\/medicalpc.cz\/produkty\/medicinske-doplnky\/#breadcrumb\"},\"inLanguage\":\"en-GB\",\"potentialAction\":[{\"@type\":\"ReadAction\",\"target\":[\"https:\/\/medicalpc.cz\/produkty\/medicinske-doplnky\/\"]}]},{\"@type\":\"ImageObject\",\"inLanguage\":\"en-GB\",\"@id\":\"https:\/\/medicalpc.cz\/produkty\/medicinske-doplnky\/#primaryimage\",\"url\":\"https:\/\/medicalpc.cz\/wp-content\/uploads\/2024\/07\/doplnky.jpg\",\"contentUrl\":\"https:\/\/medicalpc.cz\/wp-content\/uploads\/2024\/07\/doplnky.jpg\",\"width\":812,\"height\":340},{\"@type\":\"BreadcrumbList\",\"@id\":\"https:\/\/medicalpc.cz\/produkty\/medicinske-doplnky\/#breadcrumb\",\"itemListElement\":[{\"@type\":\"ListItem\",\"position\":1,\"name\":\"Dom\u016f\",\"item\":\"https:\/\/medicalpc.cz\/\"},{\"@type\":\"ListItem\",\"position\":2,\"name\":\"Produkty\",\"item\":\"https:\/\/medicalpc.cz\/produkty\/\"},{\"@type\":\"ListItem\",\"position\":3,\"name\":\"Medic\u00ednsk\u00e9 dopl\u0148ky\"}]},{\"@type\":\"WebSite\",\"@id\":\"https:\/\/medicalpc.cz\/#website\",\"url\":\"https:\/\/medicalpc.cz\/\",\"name\":\"MedicalPC\",\"description\":\"\",\"potentialAction\":[{\"@type\":\"SearchAction\",\"target\":{\"@type\":\"EntryPoint\",\"urlTemplate\":\"https:\/\/medicalpc.cz\/?s={search_term_string}\"},\"query-input\":{\"@type\":\"PropertyValueSpecification\",\"valueRequired\":true,\"valueName\":\"search_term_string\"}}],\"inLanguage\":\"en-GB\"}]}<\/script>\r\n<!-- \/ Yoast SEO plugin. -->","yoast_head_json":{"title":"Medic\u00ednsk\u00e9 dopl\u0148ky | MedicalPC","description":"Medic\u00ednsk\u00e9 kl\u00e1vesnice a my\u0161i spl\u0148uj\u00ed antibakteri\u00e1ln\u00ed po\u017eadavky a jsou vod\u011bodoln\u00e9. Lze je snadno \u010distit pod tekouc\u00ed vodou nebo v my\u010dce.","robots":{"index":"index","follow":"follow","max-snippet":"max-snippet:-1","max-image-preview":"max-image-preview:large","max-video-preview":"max-video-preview:-1"},"canonical":"https:\/\/medicalpc.cz\/en\/produkty\/medicinske-doplnky\/","og_locale":"en_GB","og_type":"article","og_title":"Medic\u00ednsk\u00e9 dopl\u0148ky | MedicalPC","og_description":"Medic\u00ednsk\u00e9 kl\u00e1vesnice a my\u0161i spl\u0148uj\u00ed antibakteri\u00e1ln\u00ed po\u017eadavky a jsou vod\u011bodoln\u00e9. Lze je snadno \u010distit pod tekouc\u00ed vodou nebo v my\u010dce.","og_url":"https:\/\/medicalpc.cz\/en\/produkty\/medicinske-doplnky\/","og_site_name":"MedicalPC","article_modified_time":"2024-07-31T10:24:48+00:00","og_image":[{"width":812,"height":340,"url":"https:\/\/medicalpc.cz\/wp-content\/uploads\/2024\/07\/doplnky.jpg","type":"image\/jpeg"}],"twitter_card":"summary_large_image","twitter_misc":{"Estimated reading time":"2 minutes"},"schema":{"@context":"https:\/\/schema.org","@graph":[{"@type":"WebPage","@id":"https:\/\/medicalpc.cz\/produkty\/medicinske-doplnky\/","url":"https:\/\/medicalpc.cz\/produkty\/medicinske-doplnky\/","name":"Medic\u00ednsk\u00e9 dopl\u0148ky | MedicalPC","isPartOf":{"@id":"https:\/\/medicalpc.cz\/#website"},"primaryImageOfPage":{"@id":"https:\/\/medicalpc.cz\/produkty\/medicinske-doplnky\/#primaryimage"},"image":{"@id":"https:\/\/medicalpc.cz\/produkty\/medicinske-doplnky\/#primaryimage"},"thumbnailUrl":"https:\/\/medicalpc.cz\/wp-content\/uploads\/2024\/07\/doplnky.jpg","datePublished":"2024-07-30T07:21:46+00:00","dateModified":"2024-07-31T10:24:48+00:00","description":"Medic\u00ednsk\u00e9 kl\u00e1vesnice a my\u0161i spl\u0148uj\u00ed antibakteri\u00e1ln\u00ed po\u017eadavky a jsou vod\u011bodoln\u00e9. Lze je snadno \u010distit pod tekouc\u00ed vodou nebo v my\u010dce.","breadcrumb":{"@id":"https:\/\/medicalpc.cz\/produkty\/medicinske-doplnky\/#breadcrumb"},"inLanguage":"en-GB","potentialAction":[{"@type":"ReadAction","target":["https:\/\/medicalpc.cz\/produkty\/medicinske-doplnky\/"]}]},{"@type":"ImageObject","inLanguage":"en-GB","@id":"https:\/\/medicalpc.cz\/produkty\/medicinske-doplnky\/#primaryimage","url":"https:\/\/medicalpc.cz\/wp-content\/uploads\/2024\/07\/doplnky.jpg","contentUrl":"https:\/\/medicalpc.cz\/wp-content\/uploads\/2024\/07\/doplnky.jpg","width":812,"height":340},{"@type":"BreadcrumbList","@id":"https:\/\/medicalpc.cz\/produkty\/medicinske-doplnky\/#breadcrumb","itemListElement":[{"@type":"ListItem","position":1,"name":"Dom\u016f","item":"https:\/\/medicalpc.cz\/"},{"@type":"ListItem","position":2,"name":"Produkty","item":"https:\/\/medicalpc.cz\/produkty\/"},{"@type":"ListItem","position":3,"name":"Medic\u00ednsk\u00e9 dopl\u0148ky"}]},{"@type":"WebSite","@id":"https:\/\/medicalpc.cz\/#website","url":"https:\/\/medicalpc.cz\/","name":"MedicalPC","description":"","potentialAction":[{"@type":"SearchAction","target":{"@type":"EntryPoint","urlTemplate":"https:\/\/medicalpc.cz\/?s={search_term_string}"},"query-input":{"@type":"PropertyValueSpecification","valueRequired":true,"valueName":"search_term_string"}}],"inLanguage":"en-GB"}]}},"tpgb_featured_images":{"full":["https:\/\/medicalpc.cz\/wp-content\/uploads\/2024\/07\/doplnky.jpg",812,340,false],"tp-image-grid":["https:\/\/medicalpc.cz\/wp-content\/uploads\/2024\/07\/doplnky-700x700.jpg",700,700,true],"thumbnail":["https:\/\/medicalpc.cz\/wp-content\/uploads\/2024\/07\/doplnky-150x150.jpg",150,150,true],"medium":["https:\/\/medicalpc.cz\/wp-content\/uploads\/2024\/07\/doplnky-350x350.jpg",300,300,true],"medium_large":["https:\/\/medicalpc.cz\/wp-content\/uploads\/2024\/07\/doplnky-768x322.jpg",768,322,true],"large":["https:\/\/medicalpc.cz\/wp-content\/uploads\/2024\/07\/doplnky-700x700.jpg",700,700,true],"default":"https:\/\/medicalpc.cz\/wp-content\/plugins\/the-plus-addons-for-block-editor\/assets\/images\/tpgb-placeholder.jpg"},"tpgb_post_meta_info":{"get_date":"30. 7. 2024","get_modified_date":"31. 7. 2024","author_name":"Jan Fojt\u00edk","author_url":"https:\/\/medicalpc.cz\/en\/author\/jan-fojtik\/","author_email":"fojtikjan.02@seznam.cz","author_website":"","author_description":"","author_facebook":"","author_twitter":"","author_instagram":"","author_role":["administrator"],"author_firstname":"Jan","author_lastname":"Fojt\u00edk","user_login":"jan.fojtik","author_avatar":"<img alt='' src='https:\/\/secure.gravatar.com\/avatar\/f4176f261e0f97e1c976dbc65ddfa2b7accf6e186364c3630489b82c5c8194c1?s=200&#038;d=mm&#038;r=g' srcset='https:\/\/secure.gravatar.com\/avatar\/f4176f261e0f97e1c976dbc65ddfa2b7accf6e186364c3630489b82c5c8194c1?s=400&#038;d=mm&#038;r=g 2x' class='avatar avatar-200 photo' height='200' width='200' loading='lazy' decoding='async'\/>","author_avatar_url":"https:\/\/secure.gravatar.com\/avatar\/f4176f261e0f97e1c976dbc65ddfa2b7accf6e186364c3630489b82c5c8194c1?s=96&d=mm&r=g","comment_count":0,"post_likes":0,"post_views":0},"tpgb_post_category":[],"_links":{"self":[{"href":"https:\/\/medicalpc.cz\/en\/wp-json\/wp\/v2\/pages\/9760","targetHints":{"allow":["GET"]}}],"collection":[{"href":"https:\/\/medicalpc.cz\/en\/wp-json\/wp\/v2\/pages"}],"about":[{"href":"https:\/\/medicalpc.cz\/en\/wp-json\/wp\/v2\/types\/page"}],"author":[{"embeddable":true,"href":"https:\/\/medicalpc.cz\/en\/wp-json\/wp\/v2\/users\/2"}],"replies":[{"embeddable":true,"href":"https:\/\/medicalpc.cz\/en\/wp-json\/wp\/v2\/comments?post=9760"}],"version-history":[{"count":2,"href":"https:\/\/medicalpc.cz\/en\/wp-json\/wp\/v2\/pages\/9760\/revisions"}],"predecessor-version":[{"id":9959,"href":"https:\/\/medicalpc.cz\/en\/wp-json\/wp\/v2\/pages\/9760\/revisions\/9959"}],"up":[{"embeddable":true,"href":"https:\/\/medicalpc.cz\/en\/wp-json\/wp\/v2\/pages\/15"}],"wp:featuredmedia":[{"embeddable":true,"href":"https:\/\/medicalpc.cz\/en\/wp-json\/wp\/v2\/media\/9889"}],"wp:attachment":[{"href":"https:\/\/medicalpc.cz\/en\/wp-json\/wp\/v2\/media?parent=9760"}],"curies":[{"name":"wp","href":"https:\/\/api.w.org\/{rel}","templated":true}]}}