{"id":9757,"date":"2024-07-30T09:21:16","date_gmt":"2024-07-30T07:21:16","guid":{"rendered":"http:\/\/localhost\/getac\/?page_id=9757"},"modified":"2025-05-26T10:31:50","modified_gmt":"2025-05-26T08:31:50","slug":"medicinske-tablety","status":"publish","type":"page","link":"https:\/\/medicalpc.cz\/en\/produkty\/medicinske-tablety\/","title":{"rendered":"Medical tablets"},"content":{"rendered":"<div class=\"wp-block-buttons is-content-justification-center is-layout-flex wp-container-core-buttons-is-layout-16018d1d wp-block-buttons-is-layout-flex\">\n<div class=\"wp-block-button has-custom-font-size button is-style-fill has-medium-font-size\"><a class=\"wp-block-button__link has-white-color has-text-color has-background has-link-color wp-element-button\" href=\"https:\/\/eshop.autocont-ipc.cz\/kategorie-produktu\/medicinska-technika\/medicinske-tablety\" style=\"border-radius:3px;background-color:#cf091c\">View all products in category medical tablets<\/a><\/div>\n<\/div>\n\n\n\n<h2 class=\"wp-block-heading has-text-align-center\">Areas of utilization<\/h2>\n\n\n\n<div class=\"wp-block-columns is-layout-flex wp-container-core-columns-is-layout-9d6595d7 wp-block-columns-is-layout-flex\">\n<div class=\"wp-block-column is-layout-flow wp-block-column-is-layout-flow\">\n<h3 class=\"wp-block-heading has-text-align-center\">Mobile visit<\/h3>\n\n\n\n<ul style=\"font-size:16px\" class=\"wp-block-list\">\n<li>the doctor always has all the documents available<\/li>\n\n\n\n<li>the patient is identified, the doctor or nurse has a complete medical record<\/li>\n\n\n\n<li>communication with the hospital information system via Wi-Fi\/GSM\/3G\/4G LTE network<\/li>\n<\/ul>\n\n\n\n<div style=\"height:25px\" aria-hidden=\"true\" class=\"wp-block-spacer\"><\/div>\n\n\n\n<h3 class=\"wp-block-heading has-text-align-center\">Paramedics in the field<\/h3>\n\n\n\n<ul style=\"font-size:16px\" class=\"wp-block-list\">\n<li style=\"font-size:16px\">access to patient health data anywhere in the field<\/li>\n\n\n\n<li>can be installed in the vehicle<\/li>\n\n\n\n<li>resistance to harsh operating conditions (high temperatures, rain, dust)<\/li>\n\n\n\n<li>communication with the hospital information system via GSM\/3G\/4G LTE network<\/li>\n\n\n\n<li>precise localization of the paramedic using GPS<\/li>\n<\/ul>\n<\/div>\n\n\n\n<div class=\"wp-block-column is-layout-flow wp-block-column-is-layout-flow\"><div class=\"wp-block-image\">\n<figure class=\"aligncenter size-large\"><img decoding=\"async\" src=\"https:\/\/medicalpc.cz\/wp-content\/uploads\/2024\/07\/tablety-popis-700x700.jpg\" alt=\"\"\/><\/figure>\n<\/div><\/div>\n<\/div>\n\n\n\n<div class=\"wp-block-columns is-layout-flex wp-container-core-columns-is-layout-9d6595d7 wp-block-columns-is-layout-flex\">\n<div class=\"wp-block-column is-layout-flow wp-block-column-is-layout-flow\">\n<h3 class=\"wp-block-heading has-text-align-center\">Emergency cases<\/h3>\n\n\n\n<ul style=\"font-size:16px\" class=\"wp-block-list\">\n<li style=\"font-size:16px\">the ambulance has all the necessary information readily available once the patient has been clearly identified<\/li>\n\n\n\n<li>helps when quick decisions are needed<\/li>\n<\/ul>\n<\/div>\n\n\n\n<div class=\"wp-block-column is-layout-flow wp-block-column-is-layout-flow\">\n<h3 class=\"wp-block-heading has-text-align-center\">Medication dispensing<\/h3>\n\n\n\n<ul style=\"font-size:16px\" class=\"wp-block-list\">\n<li>possible installation on a trolley used for dispensing medication<\/li>\n\n\n\n<li style=\"font-size:16px\">Unique identification of the patient and medication using a barcode reader or RFID reader<\/li>\n\n\n\n<li>simple records of dispensed medicines, clear identification of dispensing staff<\/li>\n<\/ul>\n<\/div>\n<\/div>","protected":false},"excerpt":{"rendered":"Oblasti vyu\u017eit\u00ed Mobiln\u00ed vizita Z\u00e1chran\u00e1\u0159i v ter\u00e9nu Akutn\u00ed p\u0159\u00edpady V\u00fddej medikace","protected":false},"author":2,"featured_media":9891,"parent":15,"menu_order":0,"comment_status":"closed","ping_status":"closed","template":"page-product-category.php","meta":{"tpgb_global_settings":"","footnotes":""},"class_list":["post-9757","page","type-page","status-publish","has-post-thumbnail","hentry"],"yoast_head":"<!-- This site is optimized with the Yoast SEO plugin v27.1.1 - https:\/\/yoast.com\/product\/yoast-seo-wordpress\/ -->\r\n<title>Medic\u00ednsk\u00e9 tablety | MedicalPC<\/title>\r\n<meta name=\"description\" content=\"Medic\u00ednsk\u00e9 tablety zefektiv\u0148uj\u00ed pr\u00e1ci l\u00e9ka\u0159\u016f, zvy\u0161uj\u00ed kvalitu p\u00e9\u010de o pacienta a zaji\u0161\u0165uj\u00ed p\u0159\u00edstup k aktu\u00e1ln\u00edm dat\u016fm. Jsou vybaveny \u010dte\u010dkou \u010d\u00e1rov\u00fdch k\u00f3d\u016f, RFID a TPM modulem pro zabezpe\u010den\u00ed dokumentace.\" \/>\r\n<meta name=\"robots\" content=\"index, follow, max-snippet:-1, max-image-preview:large, max-video-preview:-1\" \/>\r\n<link rel=\"canonical\" href=\"https:\/\/medicalpc.cz\/en\/produkty\/medicinske-tablety\/\" \/>\r\n<meta property=\"og:locale\" content=\"en_GB\" \/>\r\n<meta property=\"og:type\" content=\"article\" \/>\r\n<meta property=\"og:title\" content=\"Medic\u00ednsk\u00e9 tablety | MedicalPC\" \/>\r\n<meta property=\"og:description\" content=\"Medic\u00ednsk\u00e9 tablety zefektiv\u0148uj\u00ed pr\u00e1ci l\u00e9ka\u0159\u016f, zvy\u0161uj\u00ed kvalitu p\u00e9\u010de o pacienta a zaji\u0161\u0165uj\u00ed p\u0159\u00edstup k aktu\u00e1ln\u00edm dat\u016fm. Jsou vybaveny \u010dte\u010dkou \u010d\u00e1rov\u00fdch k\u00f3d\u016f, RFID a TPM modulem pro zabezpe\u010den\u00ed dokumentace.\" \/>\r\n<meta property=\"og:url\" content=\"https:\/\/medicalpc.cz\/en\/produkty\/medicinske-tablety\/\" \/>\r\n<meta property=\"og:site_name\" content=\"MedicalPC\" \/>\r\n<meta property=\"article:modified_time\" content=\"2025-05-26T08:31:50+00:00\" \/>\r\n<meta property=\"og:image\" content=\"https:\/\/medicalpc.cz\/wp-content\/uploads\/2024\/07\/tablety.jpg\" \/>\r\n\t<meta property=\"og:image:width\" content=\"850\" \/>\r\n\t<meta property=\"og:image:height\" content=\"475\" \/>\r\n\t<meta property=\"og:image:type\" content=\"image\/jpeg\" \/>\r\n<meta name=\"twitter:card\" content=\"summary_large_image\" \/>\r\n<meta name=\"twitter:label1\" content=\"Estimated reading time\" \/>\n\t<meta name=\"twitter:data1\" content=\"2 minutes\" \/>\r\n<script type=\"application\/ld+json\" class=\"yoast-schema-graph\">{\"@context\":\"https:\/\/schema.org\",\"@graph\":[{\"@type\":\"WebPage\",\"@id\":\"https:\/\/medicalpc.cz\/produkty\/medicinske-tablety\/\",\"url\":\"https:\/\/medicalpc.cz\/produkty\/medicinske-tablety\/\",\"name\":\"Medic\u00ednsk\u00e9 tablety | MedicalPC\",\"isPartOf\":{\"@id\":\"https:\/\/medicalpc.cz\/#website\"},\"primaryImageOfPage\":{\"@id\":\"https:\/\/medicalpc.cz\/produkty\/medicinske-tablety\/#primaryimage\"},\"image\":{\"@id\":\"https:\/\/medicalpc.cz\/produkty\/medicinske-tablety\/#primaryimage\"},\"thumbnailUrl\":\"https:\/\/medicalpc.cz\/wp-content\/uploads\/2024\/07\/tablety.jpg\",\"datePublished\":\"2024-07-30T07:21:16+00:00\",\"dateModified\":\"2025-05-26T08:31:50+00:00\",\"description\":\"Medic\u00ednsk\u00e9 tablety zefektiv\u0148uj\u00ed pr\u00e1ci l\u00e9ka\u0159\u016f, zvy\u0161uj\u00ed kvalitu p\u00e9\u010de o pacienta a zaji\u0161\u0165uj\u00ed p\u0159\u00edstup k aktu\u00e1ln\u00edm dat\u016fm. Jsou vybaveny \u010dte\u010dkou \u010d\u00e1rov\u00fdch k\u00f3d\u016f, RFID a TPM modulem pro zabezpe\u010den\u00ed dokumentace.\",\"breadcrumb\":{\"@id\":\"https:\/\/medicalpc.cz\/produkty\/medicinske-tablety\/#breadcrumb\"},\"inLanguage\":\"en-GB\",\"potentialAction\":[{\"@type\":\"ReadAction\",\"target\":[\"https:\/\/medicalpc.cz\/produkty\/medicinske-tablety\/\"]}]},{\"@type\":\"ImageObject\",\"inLanguage\":\"en-GB\",\"@id\":\"https:\/\/medicalpc.cz\/produkty\/medicinske-tablety\/#primaryimage\",\"url\":\"https:\/\/medicalpc.cz\/wp-content\/uploads\/2024\/07\/tablety.jpg\",\"contentUrl\":\"https:\/\/medicalpc.cz\/wp-content\/uploads\/2024\/07\/tablety.jpg\",\"width\":850,\"height\":475},{\"@type\":\"BreadcrumbList\",\"@id\":\"https:\/\/medicalpc.cz\/produkty\/medicinske-tablety\/#breadcrumb\",\"itemListElement\":[{\"@type\":\"ListItem\",\"position\":1,\"name\":\"Dom\u016f\",\"item\":\"https:\/\/medicalpc.cz\/\"},{\"@type\":\"ListItem\",\"position\":2,\"name\":\"Produkty\",\"item\":\"https:\/\/medicalpc.cz\/produkty\/\"},{\"@type\":\"ListItem\",\"position\":3,\"name\":\"Medic\u00ednsk\u00e9 tablety\"}]},{\"@type\":\"WebSite\",\"@id\":\"https:\/\/medicalpc.cz\/#website\",\"url\":\"https:\/\/medicalpc.cz\/\",\"name\":\"MedicalPC\",\"description\":\"\",\"potentialAction\":[{\"@type\":\"SearchAction\",\"target\":{\"@type\":\"EntryPoint\",\"urlTemplate\":\"https:\/\/medicalpc.cz\/?s={search_term_string}\"},\"query-input\":{\"@type\":\"PropertyValueSpecification\",\"valueRequired\":true,\"valueName\":\"search_term_string\"}}],\"inLanguage\":\"en-GB\"}]}<\/script>\r\n<!-- \/ Yoast SEO plugin. -->","yoast_head_json":{"title":"Medic\u00ednsk\u00e9 tablety | MedicalPC","description":"Medic\u00ednsk\u00e9 tablety zefektiv\u0148uj\u00ed pr\u00e1ci l\u00e9ka\u0159\u016f, zvy\u0161uj\u00ed kvalitu p\u00e9\u010de o pacienta a zaji\u0161\u0165uj\u00ed p\u0159\u00edstup k aktu\u00e1ln\u00edm dat\u016fm. Jsou vybaveny \u010dte\u010dkou \u010d\u00e1rov\u00fdch k\u00f3d\u016f, RFID a TPM modulem pro zabezpe\u010den\u00ed dokumentace.","robots":{"index":"index","follow":"follow","max-snippet":"max-snippet:-1","max-image-preview":"max-image-preview:large","max-video-preview":"max-video-preview:-1"},"canonical":"https:\/\/medicalpc.cz\/en\/produkty\/medicinske-tablety\/","og_locale":"en_GB","og_type":"article","og_title":"Medic\u00ednsk\u00e9 tablety | MedicalPC","og_description":"Medic\u00ednsk\u00e9 tablety zefektiv\u0148uj\u00ed pr\u00e1ci l\u00e9ka\u0159\u016f, zvy\u0161uj\u00ed kvalitu p\u00e9\u010de o pacienta a zaji\u0161\u0165uj\u00ed p\u0159\u00edstup k aktu\u00e1ln\u00edm dat\u016fm. Jsou vybaveny \u010dte\u010dkou \u010d\u00e1rov\u00fdch k\u00f3d\u016f, RFID a TPM modulem pro zabezpe\u010den\u00ed dokumentace.","og_url":"https:\/\/medicalpc.cz\/en\/produkty\/medicinske-tablety\/","og_site_name":"MedicalPC","article_modified_time":"2025-05-26T08:31:50+00:00","og_image":[{"width":850,"height":475,"url":"https:\/\/medicalpc.cz\/wp-content\/uploads\/2024\/07\/tablety.jpg","type":"image\/jpeg"}],"twitter_card":"summary_large_image","twitter_misc":{"Estimated reading time":"2 minutes"},"schema":{"@context":"https:\/\/schema.org","@graph":[{"@type":"WebPage","@id":"https:\/\/medicalpc.cz\/produkty\/medicinske-tablety\/","url":"https:\/\/medicalpc.cz\/produkty\/medicinske-tablety\/","name":"Medic\u00ednsk\u00e9 tablety | MedicalPC","isPartOf":{"@id":"https:\/\/medicalpc.cz\/#website"},"primaryImageOfPage":{"@id":"https:\/\/medicalpc.cz\/produkty\/medicinske-tablety\/#primaryimage"},"image":{"@id":"https:\/\/medicalpc.cz\/produkty\/medicinske-tablety\/#primaryimage"},"thumbnailUrl":"https:\/\/medicalpc.cz\/wp-content\/uploads\/2024\/07\/tablety.jpg","datePublished":"2024-07-30T07:21:16+00:00","dateModified":"2025-05-26T08:31:50+00:00","description":"Medic\u00ednsk\u00e9 tablety zefektiv\u0148uj\u00ed pr\u00e1ci l\u00e9ka\u0159\u016f, zvy\u0161uj\u00ed kvalitu p\u00e9\u010de o pacienta a zaji\u0161\u0165uj\u00ed p\u0159\u00edstup k aktu\u00e1ln\u00edm dat\u016fm. Jsou vybaveny \u010dte\u010dkou \u010d\u00e1rov\u00fdch k\u00f3d\u016f, RFID a TPM modulem pro zabezpe\u010den\u00ed dokumentace.","breadcrumb":{"@id":"https:\/\/medicalpc.cz\/produkty\/medicinske-tablety\/#breadcrumb"},"inLanguage":"en-GB","potentialAction":[{"@type":"ReadAction","target":["https:\/\/medicalpc.cz\/produkty\/medicinske-tablety\/"]}]},{"@type":"ImageObject","inLanguage":"en-GB","@id":"https:\/\/medicalpc.cz\/produkty\/medicinske-tablety\/#primaryimage","url":"https:\/\/medicalpc.cz\/wp-content\/uploads\/2024\/07\/tablety.jpg","contentUrl":"https:\/\/medicalpc.cz\/wp-content\/uploads\/2024\/07\/tablety.jpg","width":850,"height":475},{"@type":"BreadcrumbList","@id":"https:\/\/medicalpc.cz\/produkty\/medicinske-tablety\/#breadcrumb","itemListElement":[{"@type":"ListItem","position":1,"name":"Dom\u016f","item":"https:\/\/medicalpc.cz\/"},{"@type":"ListItem","position":2,"name":"Produkty","item":"https:\/\/medicalpc.cz\/produkty\/"},{"@type":"ListItem","position":3,"name":"Medic\u00ednsk\u00e9 tablety"}]},{"@type":"WebSite","@id":"https:\/\/medicalpc.cz\/#website","url":"https:\/\/medicalpc.cz\/","name":"MedicalPC","description":"","potentialAction":[{"@type":"SearchAction","target":{"@type":"EntryPoint","urlTemplate":"https:\/\/medicalpc.cz\/?s={search_term_string}"},"query-input":{"@type":"PropertyValueSpecification","valueRequired":true,"valueName":"search_term_string"}}],"inLanguage":"en-GB"}]}},"tpgb_featured_images":{"full":["https:\/\/medicalpc.cz\/wp-content\/uploads\/2024\/07\/tablety.jpg",850,475,false],"tp-image-grid":["https:\/\/medicalpc.cz\/wp-content\/uploads\/2024\/07\/tablety-700x700.jpg",700,700,true],"thumbnail":["https:\/\/medicalpc.cz\/wp-content\/uploads\/2024\/07\/tablety-150x150.jpg",150,150,true],"medium":["https:\/\/medicalpc.cz\/wp-content\/uploads\/2024\/07\/tablety-350x350.jpg",300,300,true],"medium_large":["https:\/\/medicalpc.cz\/wp-content\/uploads\/2024\/07\/tablety-768x429.jpg",768,429,true],"large":["https:\/\/medicalpc.cz\/wp-content\/uploads\/2024\/07\/tablety-700x700.jpg",700,700,true],"default":"https:\/\/medicalpc.cz\/wp-content\/plugins\/the-plus-addons-for-block-editor\/assets\/images\/tpgb-placeholder.jpg"},"tpgb_post_meta_info":{"get_date":"30. 7. 2024","get_modified_date":"26. 5. 2025","author_name":"Jan Fojt\u00edk","author_url":"https:\/\/medicalpc.cz\/en\/author\/jan-fojtik\/","author_email":"fojtikjan.02@seznam.cz","author_website":"","author_description":"","author_facebook":"","author_twitter":"","author_instagram":"","author_role":["administrator"],"author_firstname":"Jan","author_lastname":"Fojt\u00edk","user_login":"jan.fojtik","author_avatar":"<img alt='' src='https:\/\/secure.gravatar.com\/avatar\/f4176f261e0f97e1c976dbc65ddfa2b7accf6e186364c3630489b82c5c8194c1?s=200&#038;d=mm&#038;r=g' srcset='https:\/\/secure.gravatar.com\/avatar\/f4176f261e0f97e1c976dbc65ddfa2b7accf6e186364c3630489b82c5c8194c1?s=400&#038;d=mm&#038;r=g 2x' class='avatar avatar-200 photo' height='200' width='200' loading='lazy' decoding='async'\/>","author_avatar_url":"https:\/\/secure.gravatar.com\/avatar\/f4176f261e0f97e1c976dbc65ddfa2b7accf6e186364c3630489b82c5c8194c1?s=96&d=mm&r=g","comment_count":0,"post_likes":0,"post_views":0},"tpgb_post_category":[],"_links":{"self":[{"href":"https:\/\/medicalpc.cz\/en\/wp-json\/wp\/v2\/pages\/9757","targetHints":{"allow":["GET"]}}],"collection":[{"href":"https:\/\/medicalpc.cz\/en\/wp-json\/wp\/v2\/pages"}],"about":[{"href":"https:\/\/medicalpc.cz\/en\/wp-json\/wp\/v2\/types\/page"}],"author":[{"embeddable":true,"href":"https:\/\/medicalpc.cz\/en\/wp-json\/wp\/v2\/users\/2"}],"replies":[{"embeddable":true,"href":"https:\/\/medicalpc.cz\/en\/wp-json\/wp\/v2\/comments?post=9757"}],"version-history":[{"count":14,"href":"https:\/\/medicalpc.cz\/en\/wp-json\/wp\/v2\/pages\/9757\/revisions"}],"predecessor-version":[{"id":10063,"href":"https:\/\/medicalpc.cz\/en\/wp-json\/wp\/v2\/pages\/9757\/revisions\/10063"}],"up":[{"embeddable":true,"href":"https:\/\/medicalpc.cz\/en\/wp-json\/wp\/v2\/pages\/15"}],"wp:featuredmedia":[{"embeddable":true,"href":"https:\/\/medicalpc.cz\/en\/wp-json\/wp\/v2\/media\/9891"}],"wp:attachment":[{"href":"https:\/\/medicalpc.cz\/en\/wp-json\/wp\/v2\/media?parent=9757"}],"curies":[{"name":"wp","href":"https:\/\/api.w.org\/{rel}","templated":true}]}}