{"id":9754,"date":"2024-07-30T09:20:36","date_gmt":"2024-07-30T07:20:36","guid":{"rendered":"http:\/\/localhost\/getac\/?page_id=9754"},"modified":"2024-07-31T12:30:10","modified_gmt":"2024-07-31T10:30:10","slug":"medicinske-monitory","status":"publish","type":"page","link":"https:\/\/medicalpc.cz\/en\/produkty\/medicinske-monitory\/","title":{"rendered":"Medical monitors"},"content":{"rendered":"<div class=\"wp-block-columns is-layout-flex wp-container-core-columns-is-layout-9d6595d7 wp-block-columns-is-layout-flex\">\n<div class=\"wp-block-column is-vertically-aligned-center is-layout-flow wp-block-column-is-layout-flow\">\n<h2 class=\"wp-block-heading\">General features<\/h2>\n\n\n\n<ul style=\"font-size:16px\" class=\"wp-block-list\">\n<li>15\" to 56\" diagonal<\/li>\n\n\n\n<li>connection via S-Video\/VGA\/DVI\/HDMI\/DisplayPort<\/li>\n\n\n\n<li>PIVOT function (possibility to rotate the monitor by 90\u00b0)<\/li>\n\n\n\n<li>resolutions from XGA 1024\u00d7768 to UHD 3840\u00d72160 pixels<\/li>\n\n\n\n<li>stand for table or VESA mounting<\/li>\n\n\n\n<li>calibration in accordance with the DICOM standard<\/li>\n\n\n\n<li>made of disinfectant-tolerant materials<\/li>\n\n\n\n<li>CE-MDD certification (EN60601-1, EN60601-1-2)<\/li>\n\n\n\n<li>option to purchase an extended warranty<\/li>\n\n\n\n<li>optional multitouch touch control including support for surgical glove control<\/li>\n<\/ul>\n\n\n\n<div style=\"height:25px\" aria-hidden=\"true\" class=\"wp-block-spacer\"><\/div>\n<\/div>\n\n\n\n<div class=\"wp-block-column is-layout-flow wp-block-column-is-layout-flow\"><div class=\"wp-block-image\">\n<figure class=\"aligncenter size-large\"><img decoding=\"async\" src=\"https:\/\/medicalpc.cz\/wp-content\/uploads\/2024\/07\/monitory-popis.jpg\" alt=\"\"\/><\/figure>\n<\/div><\/div>\n<\/div>\n\n\n\n<div style=\"height:25px\" aria-hidden=\"true\" class=\"wp-block-spacer\"><\/div>\n\n\n\n<div class=\"wp-block-columns is-layout-flex wp-container-core-columns-is-layout-9d6595d7 wp-block-columns-is-layout-flex\">\n<div class=\"wp-block-column is-layout-flow wp-block-column-is-layout-flow\">\n<h3 class=\"wp-block-heading\">Diagnostic monitors<\/h3>\n\n\n\n<p style=\"font-size:16px\">A complete range of colour and black and white diagnostic monitors that facilitates the work of doctors and nurses in making diagnoses while guaranteeing perfect image quality.<\/p>\n<\/div>\n\n\n\n<div class=\"wp-block-column is-layout-flow wp-block-column-is-layout-flow\">\n<h3 class=\"wp-block-heading\">Preview monitors<\/h3>\n\n\n\n<p style=\"font-size:16px\">Preview monitors are used to display medical data and images. They are used by every hospital department.<\/p>\n<\/div>\n<\/div>\n\n\n\n<div style=\"height:25px\" aria-hidden=\"true\" class=\"wp-block-spacer\"><\/div>\n\n\n\n<div class=\"wp-block-columns is-layout-flex wp-container-core-columns-is-layout-9d6595d7 wp-block-columns-is-layout-flex\">\n<div class=\"wp-block-column is-layout-flow wp-block-column-is-layout-flow\">\n<h3 class=\"wp-block-heading\">Mammography monitors<\/h3>\n\n\n\n<p style=\"font-size:16px\">Up to 8 megapixel digital mammography monitors offer unparalleled image accuracy, setting a new standard in women's health care.<\/p>\n<\/div>\n\n\n\n<div class=\"wp-block-column is-layout-flow wp-block-column-is-layout-flow\">\n<h3 class=\"wp-block-heading\">Surgical monitors<\/h3>\n\n\n\n<p style=\"font-size:16px\">The range of surgical and endoscopic monitors is designed to meet the accuracy of video transmission and image sharpness while adhering to all safety rules set for operating rooms.<\/p>\n<\/div>\n<\/div>\n\n\n\n<div style=\"height:25px\" aria-hidden=\"true\" class=\"wp-block-spacer\"><\/div>\n\n\n\n<div class=\"wp-block-columns is-layout-flex wp-container-core-columns-is-layout-9d6595d7 wp-block-columns-is-layout-flex\">\n<div class=\"wp-block-column is-layout-flow wp-block-column-is-layout-flow\">\n<h3 class=\"wp-block-heading\">Pathology monitors<\/h3>\n\n\n\n<p style=\"font-size:16px\">Pathology monitors from EIZO and NEC are widely recognized for their high image quality. They guarantee sharp and reliable digital images.<\/p>\n<\/div>\n\n\n\n<div class=\"wp-block-column is-layout-flow wp-block-column-is-layout-flow\">\n<h3 class=\"wp-block-heading\">Monitors for dentists<\/h3>\n\n\n\n<p style=\"font-size:16px\">Monitors for dental practices combine high image accuracy with long-term durability.<\/p>\n<\/div>\n<\/div>\n\n\n\n<div style=\"height:25px\" aria-hidden=\"true\" class=\"wp-block-spacer\"><\/div>\n\n\n\n<div class=\"wp-block-buttons is-content-justification-center is-layout-flex wp-container-core-buttons-is-layout-16018d1d wp-block-buttons-is-layout-flex\">\n<div class=\"wp-block-button has-custom-font-size button is-style-fill has-medium-font-size\"><a class=\"wp-block-button__link has-white-color has-text-color has-background has-link-color wp-element-button\" href=\"https:\/\/eshop.autocont-ipc.cz\/kategorie-produktu\/medicinska-technika\/medicinske-monitory\/\" style=\"border-radius:3px;background-color:#cf091c\">View all products in category medical monitors<\/a><\/div>\n<\/div>","protected":false},"excerpt":{"rendered":"Obecn\u00e9 vlastnosti Diagnostick\u00e9 monitory Kompletn\u00ed \u0159ada barevn\u00fdch a \u010dernob\u00edl\u00fdch diagnostick\u00fdch monitor\u016f, kter\u00e1 usnad\u0148uje pr\u00e1ci l\u00e9ka\u0159\u016f a sester p\u0159i stanoven\u00ed diagn\u00f3z a z\u00e1rove\u0148 zaru\u010duje dokonalou kvalitu obrazu. N\u00e1hledov\u00e9 monitory N\u00e1hledov\u00e9 monitory slou\u017e\u00ed pro zobrazov\u00e1n\u00ed l\u00e9ka\u0159sk\u00fdch dat a sn\u00edmk\u016f. Vyu\u017e\u00edv\u00e1 je ka\u017ed\u00e9 nemocni\u010dn\u00ed odd\u011blen\u00ed. Mamografick\u00e9 monitory A\u017e 8 megapixelov\u00e9 monitory pro digit\u00e1ln\u00ed mamografii nab\u00edz\u00ed bezkonkuren\u010dn\u00ed p\u0159esnost obrazu [&hellip;]","protected":false},"author":2,"featured_media":9888,"parent":15,"menu_order":0,"comment_status":"closed","ping_status":"closed","template":"page-product-category.php","meta":{"tpgb_global_settings":"","footnotes":""},"class_list":["post-9754","page","type-page","status-publish","has-post-thumbnail","hentry"],"yoast_head":"<!-- This site is optimized with the Yoast SEO plugin v27.1.1 - https:\/\/yoast.com\/product\/yoast-seo-wordpress\/ -->\r\n<title>Medic\u00ednsk\u00e9 monitory | MedicalPC<\/title>\r\n<meta name=\"description\" content=\"Diagnostick\u00e9 medic\u00ednsk\u00e9 displeje a monitory s certifikac\u00ed CE-MDD zaji\u0161\u0165uj\u00ed stabilitu obrazu a barev dle DICOM a spl\u0148uj\u00ed specifikaci EN 60601 pro pou\u017eit\u00ed ve zdravotnictv\u00ed.\" \/>\r\n<meta name=\"robots\" content=\"index, follow, max-snippet:-1, max-image-preview:large, max-video-preview:-1\" \/>\r\n<link rel=\"canonical\" href=\"https:\/\/medicalpc.cz\/en\/produkty\/medicinske-monitory\/\" \/>\r\n<meta property=\"og:locale\" content=\"en_GB\" \/>\r\n<meta property=\"og:type\" content=\"article\" \/>\r\n<meta property=\"og:title\" content=\"Medic\u00ednsk\u00e9 monitory | MedicalPC\" \/>\r\n<meta property=\"og:description\" content=\"Diagnostick\u00e9 medic\u00ednsk\u00e9 displeje a monitory s certifikac\u00ed CE-MDD zaji\u0161\u0165uj\u00ed stabilitu obrazu a barev dle DICOM a spl\u0148uj\u00ed specifikaci EN 60601 pro pou\u017eit\u00ed ve zdravotnictv\u00ed.\" \/>\r\n<meta property=\"og:url\" content=\"https:\/\/medicalpc.cz\/en\/produkty\/medicinske-monitory\/\" \/>\r\n<meta property=\"og:site_name\" content=\"MedicalPC\" \/>\r\n<meta property=\"article:modified_time\" content=\"2024-07-31T10:30:10+00:00\" \/>\r\n<meta property=\"og:image\" content=\"https:\/\/medicalpc.cz\/wp-content\/uploads\/2024\/07\/displeje.jpg\" \/>\r\n\t<meta property=\"og:image:width\" content=\"500\" \/>\r\n\t<meta property=\"og:image:height\" content=\"482\" \/>\r\n\t<meta property=\"og:image:type\" content=\"image\/jpeg\" \/>\r\n<meta name=\"twitter:card\" content=\"summary_large_image\" \/>\r\n<meta name=\"twitter:label1\" content=\"Estimated reading time\" \/>\n\t<meta name=\"twitter:data1\" content=\"2 minutes\" \/>\r\n<script type=\"application\/ld+json\" class=\"yoast-schema-graph\">{\"@context\":\"https:\/\/schema.org\",\"@graph\":[{\"@type\":\"WebPage\",\"@id\":\"https:\/\/medicalpc.cz\/produkty\/medicinske-monitory\/\",\"url\":\"https:\/\/medicalpc.cz\/produkty\/medicinske-monitory\/\",\"name\":\"Medic\u00ednsk\u00e9 monitory | MedicalPC\",\"isPartOf\":{\"@id\":\"https:\/\/medicalpc.cz\/#website\"},\"primaryImageOfPage\":{\"@id\":\"https:\/\/medicalpc.cz\/produkty\/medicinske-monitory\/#primaryimage\"},\"image\":{\"@id\":\"https:\/\/medicalpc.cz\/produkty\/medicinske-monitory\/#primaryimage\"},\"thumbnailUrl\":\"https:\/\/medicalpc.cz\/wp-content\/uploads\/2024\/07\/displeje.jpg\",\"datePublished\":\"2024-07-30T07:20:36+00:00\",\"dateModified\":\"2024-07-31T10:30:10+00:00\",\"description\":\"Diagnostick\u00e9 medic\u00ednsk\u00e9 displeje a monitory s certifikac\u00ed CE-MDD zaji\u0161\u0165uj\u00ed stabilitu obrazu a barev dle DICOM a spl\u0148uj\u00ed specifikaci EN 60601 pro pou\u017eit\u00ed ve zdravotnictv\u00ed.\",\"breadcrumb\":{\"@id\":\"https:\/\/medicalpc.cz\/produkty\/medicinske-monitory\/#breadcrumb\"},\"inLanguage\":\"en-GB\",\"potentialAction\":[{\"@type\":\"ReadAction\",\"target\":[\"https:\/\/medicalpc.cz\/produkty\/medicinske-monitory\/\"]}]},{\"@type\":\"ImageObject\",\"inLanguage\":\"en-GB\",\"@id\":\"https:\/\/medicalpc.cz\/produkty\/medicinske-monitory\/#primaryimage\",\"url\":\"https:\/\/medicalpc.cz\/wp-content\/uploads\/2024\/07\/displeje.jpg\",\"contentUrl\":\"https:\/\/medicalpc.cz\/wp-content\/uploads\/2024\/07\/displeje.jpg\",\"width\":500,\"height\":482},{\"@type\":\"BreadcrumbList\",\"@id\":\"https:\/\/medicalpc.cz\/produkty\/medicinske-monitory\/#breadcrumb\",\"itemListElement\":[{\"@type\":\"ListItem\",\"position\":1,\"name\":\"Dom\u016f\",\"item\":\"https:\/\/medicalpc.cz\/\"},{\"@type\":\"ListItem\",\"position\":2,\"name\":\"Produkty\",\"item\":\"https:\/\/medicalpc.cz\/produkty\/\"},{\"@type\":\"ListItem\",\"position\":3,\"name\":\"Medic\u00ednsk\u00e9 monitory\"}]},{\"@type\":\"WebSite\",\"@id\":\"https:\/\/medicalpc.cz\/#website\",\"url\":\"https:\/\/medicalpc.cz\/\",\"name\":\"MedicalPC\",\"description\":\"\",\"potentialAction\":[{\"@type\":\"SearchAction\",\"target\":{\"@type\":\"EntryPoint\",\"urlTemplate\":\"https:\/\/medicalpc.cz\/?s={search_term_string}\"},\"query-input\":{\"@type\":\"PropertyValueSpecification\",\"valueRequired\":true,\"valueName\":\"search_term_string\"}}],\"inLanguage\":\"en-GB\"}]}<\/script>\r\n<!-- \/ Yoast SEO plugin. -->","yoast_head_json":{"title":"Medic\u00ednsk\u00e9 monitory | MedicalPC","description":"Diagnostick\u00e9 medic\u00ednsk\u00e9 displeje a monitory s certifikac\u00ed CE-MDD zaji\u0161\u0165uj\u00ed stabilitu obrazu a barev dle DICOM a spl\u0148uj\u00ed specifikaci EN 60601 pro pou\u017eit\u00ed ve zdravotnictv\u00ed.","robots":{"index":"index","follow":"follow","max-snippet":"max-snippet:-1","max-image-preview":"max-image-preview:large","max-video-preview":"max-video-preview:-1"},"canonical":"https:\/\/medicalpc.cz\/en\/produkty\/medicinske-monitory\/","og_locale":"en_GB","og_type":"article","og_title":"Medic\u00ednsk\u00e9 monitory | MedicalPC","og_description":"Diagnostick\u00e9 medic\u00ednsk\u00e9 displeje a monitory s certifikac\u00ed CE-MDD zaji\u0161\u0165uj\u00ed stabilitu obrazu a barev dle DICOM a spl\u0148uj\u00ed specifikaci EN 60601 pro pou\u017eit\u00ed ve zdravotnictv\u00ed.","og_url":"https:\/\/medicalpc.cz\/en\/produkty\/medicinske-monitory\/","og_site_name":"MedicalPC","article_modified_time":"2024-07-31T10:30:10+00:00","og_image":[{"width":500,"height":482,"url":"https:\/\/medicalpc.cz\/wp-content\/uploads\/2024\/07\/displeje.jpg","type":"image\/jpeg"}],"twitter_card":"summary_large_image","twitter_misc":{"Estimated reading time":"2 minutes"},"schema":{"@context":"https:\/\/schema.org","@graph":[{"@type":"WebPage","@id":"https:\/\/medicalpc.cz\/produkty\/medicinske-monitory\/","url":"https:\/\/medicalpc.cz\/produkty\/medicinske-monitory\/","name":"Medic\u00ednsk\u00e9 monitory | MedicalPC","isPartOf":{"@id":"https:\/\/medicalpc.cz\/#website"},"primaryImageOfPage":{"@id":"https:\/\/medicalpc.cz\/produkty\/medicinske-monitory\/#primaryimage"},"image":{"@id":"https:\/\/medicalpc.cz\/produkty\/medicinske-monitory\/#primaryimage"},"thumbnailUrl":"https:\/\/medicalpc.cz\/wp-content\/uploads\/2024\/07\/displeje.jpg","datePublished":"2024-07-30T07:20:36+00:00","dateModified":"2024-07-31T10:30:10+00:00","description":"Diagnostick\u00e9 medic\u00ednsk\u00e9 displeje a monitory s certifikac\u00ed CE-MDD zaji\u0161\u0165uj\u00ed stabilitu obrazu a barev dle DICOM a spl\u0148uj\u00ed specifikaci EN 60601 pro pou\u017eit\u00ed ve zdravotnictv\u00ed.","breadcrumb":{"@id":"https:\/\/medicalpc.cz\/produkty\/medicinske-monitory\/#breadcrumb"},"inLanguage":"en-GB","potentialAction":[{"@type":"ReadAction","target":["https:\/\/medicalpc.cz\/produkty\/medicinske-monitory\/"]}]},{"@type":"ImageObject","inLanguage":"en-GB","@id":"https:\/\/medicalpc.cz\/produkty\/medicinske-monitory\/#primaryimage","url":"https:\/\/medicalpc.cz\/wp-content\/uploads\/2024\/07\/displeje.jpg","contentUrl":"https:\/\/medicalpc.cz\/wp-content\/uploads\/2024\/07\/displeje.jpg","width":500,"height":482},{"@type":"BreadcrumbList","@id":"https:\/\/medicalpc.cz\/produkty\/medicinske-monitory\/#breadcrumb","itemListElement":[{"@type":"ListItem","position":1,"name":"Dom\u016f","item":"https:\/\/medicalpc.cz\/"},{"@type":"ListItem","position":2,"name":"Produkty","item":"https:\/\/medicalpc.cz\/produkty\/"},{"@type":"ListItem","position":3,"name":"Medic\u00ednsk\u00e9 monitory"}]},{"@type":"WebSite","@id":"https:\/\/medicalpc.cz\/#website","url":"https:\/\/medicalpc.cz\/","name":"MedicalPC","description":"","potentialAction":[{"@type":"SearchAction","target":{"@type":"EntryPoint","urlTemplate":"https:\/\/medicalpc.cz\/?s={search_term_string}"},"query-input":{"@type":"PropertyValueSpecification","valueRequired":true,"valueName":"search_term_string"}}],"inLanguage":"en-GB"}]}},"tpgb_featured_images":{"full":["https:\/\/medicalpc.cz\/wp-content\/uploads\/2024\/07\/displeje.jpg",500,482,false],"tp-image-grid":["https:\/\/medicalpc.cz\/wp-content\/uploads\/2024\/07\/displeje-700x700.jpg",700,700,true],"thumbnail":["https:\/\/medicalpc.cz\/wp-content\/uploads\/2024\/07\/displeje-150x150.jpg",150,150,true],"medium":["https:\/\/medicalpc.cz\/wp-content\/uploads\/2024\/07\/displeje-350x350.jpg",300,300,true],"medium_large":["https:\/\/medicalpc.cz\/wp-content\/uploads\/2024\/07\/displeje.jpg",500,482,false],"large":["https:\/\/medicalpc.cz\/wp-content\/uploads\/2024\/07\/displeje-700x700.jpg",700,700,true],"default":"https:\/\/medicalpc.cz\/wp-content\/plugins\/the-plus-addons-for-block-editor\/assets\/images\/tpgb-placeholder.jpg"},"tpgb_post_meta_info":{"get_date":"30. 7. 2024","get_modified_date":"31. 7. 2024","author_name":"Jan Fojt\u00edk","author_url":"https:\/\/medicalpc.cz\/en\/author\/jan-fojtik\/","author_email":"fojtikjan.02@seznam.cz","author_website":"","author_description":"","author_facebook":"","author_twitter":"","author_instagram":"","author_role":["administrator"],"author_firstname":"Jan","author_lastname":"Fojt\u00edk","user_login":"jan.fojtik","author_avatar":"<img alt='' src='https:\/\/secure.gravatar.com\/avatar\/f4176f261e0f97e1c976dbc65ddfa2b7accf6e186364c3630489b82c5c8194c1?s=200&#038;d=mm&#038;r=g' srcset='https:\/\/secure.gravatar.com\/avatar\/f4176f261e0f97e1c976dbc65ddfa2b7accf6e186364c3630489b82c5c8194c1?s=400&#038;d=mm&#038;r=g 2x' class='avatar avatar-200 photo' height='200' width='200' loading='lazy' decoding='async'\/>","author_avatar_url":"https:\/\/secure.gravatar.com\/avatar\/f4176f261e0f97e1c976dbc65ddfa2b7accf6e186364c3630489b82c5c8194c1?s=96&d=mm&r=g","comment_count":0,"post_likes":0,"post_views":0},"tpgb_post_category":[],"_links":{"self":[{"href":"https:\/\/medicalpc.cz\/en\/wp-json\/wp\/v2\/pages\/9754","targetHints":{"allow":["GET"]}}],"collection":[{"href":"https:\/\/medicalpc.cz\/en\/wp-json\/wp\/v2\/pages"}],"about":[{"href":"https:\/\/medicalpc.cz\/en\/wp-json\/wp\/v2\/types\/page"}],"author":[{"embeddable":true,"href":"https:\/\/medicalpc.cz\/en\/wp-json\/wp\/v2\/users\/2"}],"replies":[{"embeddable":true,"href":"https:\/\/medicalpc.cz\/en\/wp-json\/wp\/v2\/comments?post=9754"}],"version-history":[{"count":2,"href":"https:\/\/medicalpc.cz\/en\/wp-json\/wp\/v2\/pages\/9754\/revisions"}],"predecessor-version":[{"id":9967,"href":"https:\/\/medicalpc.cz\/en\/wp-json\/wp\/v2\/pages\/9754\/revisions\/9967"}],"up":[{"embeddable":true,"href":"https:\/\/medicalpc.cz\/en\/wp-json\/wp\/v2\/pages\/15"}],"wp:featuredmedia":[{"embeddable":true,"href":"https:\/\/medicalpc.cz\/en\/wp-json\/wp\/v2\/media\/9888"}],"wp:attachment":[{"href":"https:\/\/medicalpc.cz\/en\/wp-json\/wp\/v2\/media?parent=9754"}],"curies":[{"name":"wp","href":"https:\/\/api.w.org\/{rel}","templated":true}]}}