{"id":9743,"date":"2024-07-30T09:15:42","date_gmt":"2024-07-30T07:15:42","guid":{"rendered":"http:\/\/localhost\/getac\/?page_id=9743"},"modified":"2025-05-13T08:49:54","modified_gmt":"2025-05-13T06:49:54","slug":"medicinske-pocitace","status":"publish","type":"page","link":"https:\/\/medicalpc.cz\/en\/produkty\/medicinske-pocitace\/","title":{"rendered":"Medical computers"},"content":{"rendered":"<div class=\"wp-block-buttons is-content-justification-center is-layout-flex wp-container-core-buttons-is-layout-16018d1d wp-block-buttons-is-layout-flex\">\n<div class=\"wp-block-button has-custom-font-size button is-style-fill has-medium-font-size\"><a class=\"wp-block-button__link has-white-color has-text-color has-background has-link-color wp-element-button\" href=\"https:\/\/eshop.autocont-ipc.cz\/kategorie-produktu\/medicinska-technika\/medicinske-pocitace\/\" style=\"border-radius:3px;background-color:#cf091c\">View all products in category medical computers<\/a><\/div>\n<\/div>","protected":false},"excerpt":{"rendered":"","protected":false},"author":2,"featured_media":9890,"parent":15,"menu_order":0,"comment_status":"closed","ping_status":"closed","template":"page-product-category.php","meta":{"tpgb_global_settings":"","footnotes":""},"class_list":["post-9743","page","type-page","status-publish","has-post-thumbnail","hentry"],"yoast_head":"<!-- This site is optimized with the Yoast SEO plugin v27.1.1 - https:\/\/yoast.com\/product\/yoast-seo-wordpress\/ -->\r\n<title>Medic\u00ednsk\u00e9 po\u010d\u00edta\u010de | MedicalPC<\/title>\r\n<meta name=\"description\" content=\"V na\u0161em portfoliu najdete All-In-One a embedded medic\u00ednsk\u00e9 po\u010d\u00edta\u010de spl\u0148uj\u00edc\u00ed normy EN 60601-1, IEC 60950-1 a CE-MDD. Jsou ide\u00e1ln\u00ed pro opera\u010dn\u00ed s\u00e1ly a nemocni\u010dn\u00ed syst\u00e9my.\" \/>\r\n<meta name=\"robots\" content=\"index, follow, max-snippet:-1, max-image-preview:large, max-video-preview:-1\" \/>\r\n<link rel=\"canonical\" href=\"https:\/\/medicalpc.cz\/en\/produkty\/medicinske-pocitace\/\" \/>\r\n<meta property=\"og:locale\" content=\"en_GB\" \/>\r\n<meta property=\"og:type\" content=\"article\" \/>\r\n<meta property=\"og:title\" content=\"Medic\u00ednsk\u00e9 po\u010d\u00edta\u010de | MedicalPC\" \/>\r\n<meta property=\"og:description\" content=\"V na\u0161em portfoliu najdete All-In-One a embedded medic\u00ednsk\u00e9 po\u010d\u00edta\u010de spl\u0148uj\u00edc\u00ed normy EN 60601-1, IEC 60950-1 a CE-MDD. Jsou ide\u00e1ln\u00ed pro opera\u010dn\u00ed s\u00e1ly a nemocni\u010dn\u00ed syst\u00e9my.\" \/>\r\n<meta property=\"og:url\" content=\"https:\/\/medicalpc.cz\/en\/produkty\/medicinske-pocitace\/\" \/>\r\n<meta property=\"og:site_name\" content=\"MedicalPC\" \/>\r\n<meta property=\"article:modified_time\" content=\"2025-05-13T06:49:54+00:00\" \/>\r\n<meta property=\"og:image\" content=\"https:\/\/medicalpc.cz\/wp-content\/uploads\/2024\/07\/pocitace.jpg\" \/>\r\n\t<meta property=\"og:image:width\" content=\"840\" \/>\r\n\t<meta property=\"og:image:height\" content=\"494\" \/>\r\n\t<meta property=\"og:image:type\" content=\"image\/jpeg\" \/>\r\n<meta name=\"twitter:card\" content=\"summary_large_image\" \/>\r\n<meta name=\"twitter:label1\" content=\"Estimated reading time\" \/>\n\t<meta name=\"twitter:data1\" content=\"1 minute\" \/>\r\n<script type=\"application\/ld+json\" class=\"yoast-schema-graph\">{\"@context\":\"https:\/\/schema.org\",\"@graph\":[{\"@type\":\"WebPage\",\"@id\":\"https:\/\/medicalpc.cz\/produkty\/medicinske-pocitace\/\",\"url\":\"https:\/\/medicalpc.cz\/produkty\/medicinske-pocitace\/\",\"name\":\"Medic\u00ednsk\u00e9 po\u010d\u00edta\u010de | MedicalPC\",\"isPartOf\":{\"@id\":\"https:\/\/medicalpc.cz\/#website\"},\"primaryImageOfPage\":{\"@id\":\"https:\/\/medicalpc.cz\/produkty\/medicinske-pocitace\/#primaryimage\"},\"image\":{\"@id\":\"https:\/\/medicalpc.cz\/produkty\/medicinske-pocitace\/#primaryimage\"},\"thumbnailUrl\":\"https:\/\/medicalpc.cz\/wp-content\/uploads\/2024\/07\/pocitace.jpg\",\"datePublished\":\"2024-07-30T07:15:42+00:00\",\"dateModified\":\"2025-05-13T06:49:54+00:00\",\"description\":\"V na\u0161em portfoliu najdete All-In-One a embedded medic\u00ednsk\u00e9 po\u010d\u00edta\u010de spl\u0148uj\u00edc\u00ed normy EN 60601-1, IEC 60950-1 a CE-MDD. Jsou ide\u00e1ln\u00ed pro opera\u010dn\u00ed s\u00e1ly a nemocni\u010dn\u00ed syst\u00e9my.\",\"breadcrumb\":{\"@id\":\"https:\/\/medicalpc.cz\/produkty\/medicinske-pocitace\/#breadcrumb\"},\"inLanguage\":\"en-GB\",\"potentialAction\":[{\"@type\":\"ReadAction\",\"target\":[\"https:\/\/medicalpc.cz\/produkty\/medicinske-pocitace\/\"]}]},{\"@type\":\"ImageObject\",\"inLanguage\":\"en-GB\",\"@id\":\"https:\/\/medicalpc.cz\/produkty\/medicinske-pocitace\/#primaryimage\",\"url\":\"https:\/\/medicalpc.cz\/wp-content\/uploads\/2024\/07\/pocitace.jpg\",\"contentUrl\":\"https:\/\/medicalpc.cz\/wp-content\/uploads\/2024\/07\/pocitace.jpg\",\"width\":840,\"height\":494},{\"@type\":\"BreadcrumbList\",\"@id\":\"https:\/\/medicalpc.cz\/produkty\/medicinske-pocitace\/#breadcrumb\",\"itemListElement\":[{\"@type\":\"ListItem\",\"position\":1,\"name\":\"Dom\u016f\",\"item\":\"https:\/\/medicalpc.cz\/\"},{\"@type\":\"ListItem\",\"position\":2,\"name\":\"Produkty\",\"item\":\"https:\/\/medicalpc.cz\/produkty\/\"},{\"@type\":\"ListItem\",\"position\":3,\"name\":\"Medic\u00ednsk\u00e9 po\u010d\u00edta\u010de\"}]},{\"@type\":\"WebSite\",\"@id\":\"https:\/\/medicalpc.cz\/#website\",\"url\":\"https:\/\/medicalpc.cz\/\",\"name\":\"MedicalPC\",\"description\":\"\",\"potentialAction\":[{\"@type\":\"SearchAction\",\"target\":{\"@type\":\"EntryPoint\",\"urlTemplate\":\"https:\/\/medicalpc.cz\/?s={search_term_string}\"},\"query-input\":{\"@type\":\"PropertyValueSpecification\",\"valueRequired\":true,\"valueName\":\"search_term_string\"}}],\"inLanguage\":\"en-GB\"}]}<\/script>\r\n<!-- \/ Yoast SEO plugin. -->","yoast_head_json":{"title":"Medic\u00ednsk\u00e9 po\u010d\u00edta\u010de | MedicalPC","description":"V na\u0161em portfoliu najdete All-In-One a embedded medic\u00ednsk\u00e9 po\u010d\u00edta\u010de spl\u0148uj\u00edc\u00ed normy EN 60601-1, IEC 60950-1 a CE-MDD. Jsou ide\u00e1ln\u00ed pro opera\u010dn\u00ed s\u00e1ly a nemocni\u010dn\u00ed syst\u00e9my.","robots":{"index":"index","follow":"follow","max-snippet":"max-snippet:-1","max-image-preview":"max-image-preview:large","max-video-preview":"max-video-preview:-1"},"canonical":"https:\/\/medicalpc.cz\/en\/produkty\/medicinske-pocitace\/","og_locale":"en_GB","og_type":"article","og_title":"Medic\u00ednsk\u00e9 po\u010d\u00edta\u010de | MedicalPC","og_description":"V na\u0161em portfoliu najdete All-In-One a embedded medic\u00ednsk\u00e9 po\u010d\u00edta\u010de spl\u0148uj\u00edc\u00ed normy EN 60601-1, IEC 60950-1 a CE-MDD. Jsou ide\u00e1ln\u00ed pro opera\u010dn\u00ed s\u00e1ly a nemocni\u010dn\u00ed syst\u00e9my.","og_url":"https:\/\/medicalpc.cz\/en\/produkty\/medicinske-pocitace\/","og_site_name":"MedicalPC","article_modified_time":"2025-05-13T06:49:54+00:00","og_image":[{"width":840,"height":494,"url":"https:\/\/medicalpc.cz\/wp-content\/uploads\/2024\/07\/pocitace.jpg","type":"image\/jpeg"}],"twitter_card":"summary_large_image","twitter_misc":{"Estimated reading time":"1 minute"},"schema":{"@context":"https:\/\/schema.org","@graph":[{"@type":"WebPage","@id":"https:\/\/medicalpc.cz\/produkty\/medicinske-pocitace\/","url":"https:\/\/medicalpc.cz\/produkty\/medicinske-pocitace\/","name":"Medic\u00ednsk\u00e9 po\u010d\u00edta\u010de | MedicalPC","isPartOf":{"@id":"https:\/\/medicalpc.cz\/#website"},"primaryImageOfPage":{"@id":"https:\/\/medicalpc.cz\/produkty\/medicinske-pocitace\/#primaryimage"},"image":{"@id":"https:\/\/medicalpc.cz\/produkty\/medicinske-pocitace\/#primaryimage"},"thumbnailUrl":"https:\/\/medicalpc.cz\/wp-content\/uploads\/2024\/07\/pocitace.jpg","datePublished":"2024-07-30T07:15:42+00:00","dateModified":"2025-05-13T06:49:54+00:00","description":"V na\u0161em portfoliu najdete All-In-One a embedded medic\u00ednsk\u00e9 po\u010d\u00edta\u010de spl\u0148uj\u00edc\u00ed normy EN 60601-1, IEC 60950-1 a CE-MDD. Jsou ide\u00e1ln\u00ed pro opera\u010dn\u00ed s\u00e1ly a nemocni\u010dn\u00ed syst\u00e9my.","breadcrumb":{"@id":"https:\/\/medicalpc.cz\/produkty\/medicinske-pocitace\/#breadcrumb"},"inLanguage":"en-GB","potentialAction":[{"@type":"ReadAction","target":["https:\/\/medicalpc.cz\/produkty\/medicinske-pocitace\/"]}]},{"@type":"ImageObject","inLanguage":"en-GB","@id":"https:\/\/medicalpc.cz\/produkty\/medicinske-pocitace\/#primaryimage","url":"https:\/\/medicalpc.cz\/wp-content\/uploads\/2024\/07\/pocitace.jpg","contentUrl":"https:\/\/medicalpc.cz\/wp-content\/uploads\/2024\/07\/pocitace.jpg","width":840,"height":494},{"@type":"BreadcrumbList","@id":"https:\/\/medicalpc.cz\/produkty\/medicinske-pocitace\/#breadcrumb","itemListElement":[{"@type":"ListItem","position":1,"name":"Dom\u016f","item":"https:\/\/medicalpc.cz\/"},{"@type":"ListItem","position":2,"name":"Produkty","item":"https:\/\/medicalpc.cz\/produkty\/"},{"@type":"ListItem","position":3,"name":"Medic\u00ednsk\u00e9 po\u010d\u00edta\u010de"}]},{"@type":"WebSite","@id":"https:\/\/medicalpc.cz\/#website","url":"https:\/\/medicalpc.cz\/","name":"MedicalPC","description":"","potentialAction":[{"@type":"SearchAction","target":{"@type":"EntryPoint","urlTemplate":"https:\/\/medicalpc.cz\/?s={search_term_string}"},"query-input":{"@type":"PropertyValueSpecification","valueRequired":true,"valueName":"search_term_string"}}],"inLanguage":"en-GB"}]}},"tpgb_featured_images":{"full":["https:\/\/medicalpc.cz\/wp-content\/uploads\/2024\/07\/pocitace.jpg",840,494,false],"tp-image-grid":["https:\/\/medicalpc.cz\/wp-content\/uploads\/2024\/07\/pocitace-700x700.jpg",700,700,true],"thumbnail":["https:\/\/medicalpc.cz\/wp-content\/uploads\/2024\/07\/pocitace-150x150.jpg",150,150,true],"medium":["https:\/\/medicalpc.cz\/wp-content\/uploads\/2024\/07\/pocitace-350x350.jpg",300,300,true],"medium_large":["https:\/\/medicalpc.cz\/wp-content\/uploads\/2024\/07\/pocitace-768x452.jpg",768,452,true],"large":["https:\/\/medicalpc.cz\/wp-content\/uploads\/2024\/07\/pocitace-700x700.jpg",700,700,true],"default":"https:\/\/medicalpc.cz\/wp-content\/plugins\/the-plus-addons-for-block-editor\/assets\/images\/tpgb-placeholder.jpg"},"tpgb_post_meta_info":{"get_date":"30. 7. 2024","get_modified_date":"13. 5. 2025","author_name":"Jan Fojt\u00edk","author_url":"https:\/\/medicalpc.cz\/en\/author\/jan-fojtik\/","author_email":"fojtikjan.02@seznam.cz","author_website":"","author_description":"","author_facebook":"","author_twitter":"","author_instagram":"","author_role":["administrator"],"author_firstname":"Jan","author_lastname":"Fojt\u00edk","user_login":"jan.fojtik","author_avatar":"<img alt='' src='https:\/\/secure.gravatar.com\/avatar\/f4176f261e0f97e1c976dbc65ddfa2b7accf6e186364c3630489b82c5c8194c1?s=200&#038;d=mm&#038;r=g' srcset='https:\/\/secure.gravatar.com\/avatar\/f4176f261e0f97e1c976dbc65ddfa2b7accf6e186364c3630489b82c5c8194c1?s=400&#038;d=mm&#038;r=g 2x' class='avatar avatar-200 photo' height='200' width='200' loading='lazy' decoding='async'\/>","author_avatar_url":"https:\/\/secure.gravatar.com\/avatar\/f4176f261e0f97e1c976dbc65ddfa2b7accf6e186364c3630489b82c5c8194c1?s=96&d=mm&r=g","comment_count":0,"post_likes":0,"post_views":0},"tpgb_post_category":[],"_links":{"self":[{"href":"https:\/\/medicalpc.cz\/en\/wp-json\/wp\/v2\/pages\/9743","targetHints":{"allow":["GET"]}}],"collection":[{"href":"https:\/\/medicalpc.cz\/en\/wp-json\/wp\/v2\/pages"}],"about":[{"href":"https:\/\/medicalpc.cz\/en\/wp-json\/wp\/v2\/types\/page"}],"author":[{"embeddable":true,"href":"https:\/\/medicalpc.cz\/en\/wp-json\/wp\/v2\/users\/2"}],"replies":[{"embeddable":true,"href":"https:\/\/medicalpc.cz\/en\/wp-json\/wp\/v2\/comments?post=9743"}],"version-history":[{"count":24,"href":"https:\/\/medicalpc.cz\/en\/wp-json\/wp\/v2\/pages\/9743\/revisions"}],"predecessor-version":[{"id":10037,"href":"https:\/\/medicalpc.cz\/en\/wp-json\/wp\/v2\/pages\/9743\/revisions\/10037"}],"up":[{"embeddable":true,"href":"https:\/\/medicalpc.cz\/en\/wp-json\/wp\/v2\/pages\/15"}],"wp:featuredmedia":[{"embeddable":true,"href":"https:\/\/medicalpc.cz\/en\/wp-json\/wp\/v2\/media\/9890"}],"wp:attachment":[{"href":"https:\/\/medicalpc.cz\/en\/wp-json\/wp\/v2\/media?parent=9743"}],"curies":[{"name":"wp","href":"https:\/\/api.w.org\/{rel}","templated":true}]}}