{"id":55,"date":"2016-02-28T12:10:13","date_gmt":"2016-02-28T12:10:13","guid":{"rendered":"http:\/\/www.autocont-ipc.cz\/?page_id=55"},"modified":"2025-06-20T11:19:41","modified_gmt":"2025-06-20T09:19:41","slug":"o-nas","status":"publish","type":"page","link":"https:\/\/medicalpc.cz\/en\/o-nas\/","title":{"rendered":"About us"},"content":{"rendered":"","protected":false},"excerpt":{"rendered":"","protected":false},"author":2,"featured_media":9866,"parent":0,"menu_order":0,"comment_status":"closed","ping_status":"closed","template":"page-about.php","meta":{"tpgb_global_settings":"","footnotes":""},"class_list":["post-55","page","type-page","status-publish","has-post-thumbnail","hentry"],"yoast_head":"<!-- This site is optimized with the Yoast SEO plugin v27.1.1 - https:\/\/yoast.com\/product\/yoast-seo-wordpress\/ -->\r\n<title>O n\u00e1s | AutoCont IPC a.s.<\/title>\r\n<meta name=\"description\" content=\"Jsme stabiln\u00ed a zavedenou spole\u010dnost\u00ed, kter\u00e1 ji\u017e p\u0159es\u00a026 let\u00a0vyr\u00e1b\u00ed a dod\u00e1v\u00e1 pr\u016fmyslovou PC techniku a speci\u00e1ln\u00ed IT syst\u00e9my. D\u00edky mnohalet\u00fdm zku\u0161enostem zast\u00e1v\u00e1me pozici l\u00eddra na \u010desk\u00e9m a slovensk\u00e9m trhu a po cel\u00e9m sv\u011bt\u011b najdete stovky na\u0161ich z\u00e1kazn\u00edk\u016f, kte\u0159\u00ed v na\u0161e slu\u017eby vkl\u00e1daj\u00ed\u00a0velkou d\u016fv\u011bru.\" \/>\r\n<meta name=\"robots\" content=\"index, follow, max-snippet:-1, max-image-preview:large, max-video-preview:-1\" \/>\r\n<link rel=\"canonical\" href=\"https:\/\/medicalpc.cz\/en\/o-nas\/\" \/>\r\n<meta property=\"og:locale\" content=\"en_GB\" \/>\r\n<meta property=\"og:type\" content=\"article\" \/>\r\n<meta property=\"og:title\" content=\"O n\u00e1s | AutoCont IPC a.s.\" \/>\r\n<meta property=\"og:description\" content=\"Jsme stabiln\u00ed a zavedenou spole\u010dnost\u00ed, kter\u00e1 ji\u017e p\u0159es\u00a026 let\u00a0vyr\u00e1b\u00ed a dod\u00e1v\u00e1 pr\u016fmyslovou PC techniku a speci\u00e1ln\u00ed IT syst\u00e9my. D\u00edky mnohalet\u00fdm zku\u0161enostem zast\u00e1v\u00e1me pozici l\u00eddra na \u010desk\u00e9m a slovensk\u00e9m trhu a po cel\u00e9m sv\u011bt\u011b najdete stovky na\u0161ich z\u00e1kazn\u00edk\u016f, kte\u0159\u00ed v na\u0161e slu\u017eby vkl\u00e1daj\u00ed\u00a0velkou d\u016fv\u011bru.\" \/>\r\n<meta property=\"og:url\" content=\"https:\/\/medicalpc.cz\/en\/o-nas\/\" \/>\r\n<meta property=\"og:site_name\" content=\"MedicalPC\" \/>\r\n<meta property=\"article:modified_time\" content=\"2025-06-20T09:19:41+00:00\" \/>\r\n<meta property=\"og:image\" content=\"https:\/\/medicalpc.cz\/wp-content\/uploads\/2024\/07\/ipc_medicalpc_vertical.png\" \/>\r\n\t<meta property=\"og:image:width\" content=\"300\" \/>\r\n\t<meta property=\"og:image:height\" content=\"300\" \/>\r\n\t<meta property=\"og:image:type\" content=\"image\/png\" \/>\r\n<meta name=\"twitter:card\" content=\"summary_large_image\" \/>\r\n<meta name=\"twitter:label1\" content=\"Estimated reading time\" \/>\n\t<meta name=\"twitter:data1\" content=\"1 minute\" \/>\r\n<script type=\"application\/ld+json\" class=\"yoast-schema-graph\">{\"@context\":\"https:\/\/schema.org\",\"@graph\":[{\"@type\":\"WebPage\",\"@id\":\"https:\/\/medicalpc.cz\/o-nas\/\",\"url\":\"https:\/\/medicalpc.cz\/o-nas\/\",\"name\":\"O n\u00e1s | AutoCont IPC a.s.\",\"isPartOf\":{\"@id\":\"https:\/\/medicalpc.cz\/#website\"},\"primaryImageOfPage\":{\"@id\":\"https:\/\/medicalpc.cz\/o-nas\/#primaryimage\"},\"image\":{\"@id\":\"https:\/\/medicalpc.cz\/o-nas\/#primaryimage\"},\"thumbnailUrl\":\"https:\/\/medicalpc.cz\/wp-content\/uploads\/2024\/07\/ipc_medicalpc_vertical.png\",\"datePublished\":\"2016-02-28T12:10:13+00:00\",\"dateModified\":\"2025-06-20T09:19:41+00:00\",\"description\":\"Jsme stabiln\u00ed a zavedenou spole\u010dnost\u00ed, kter\u00e1 ji\u017e p\u0159es\u00a026 let\u00a0vyr\u00e1b\u00ed a dod\u00e1v\u00e1 pr\u016fmyslovou PC techniku a speci\u00e1ln\u00ed IT syst\u00e9my. D\u00edky mnohalet\u00fdm zku\u0161enostem zast\u00e1v\u00e1me pozici l\u00eddra na \u010desk\u00e9m a slovensk\u00e9m trhu a po cel\u00e9m sv\u011bt\u011b najdete stovky na\u0161ich z\u00e1kazn\u00edk\u016f, kte\u0159\u00ed v na\u0161e slu\u017eby vkl\u00e1daj\u00ed\u00a0velkou d\u016fv\u011bru.\",\"breadcrumb\":{\"@id\":\"https:\/\/medicalpc.cz\/o-nas\/#breadcrumb\"},\"inLanguage\":\"en-GB\",\"potentialAction\":[{\"@type\":\"ReadAction\",\"target\":[\"https:\/\/medicalpc.cz\/o-nas\/\"]}]},{\"@type\":\"ImageObject\",\"inLanguage\":\"en-GB\",\"@id\":\"https:\/\/medicalpc.cz\/o-nas\/#primaryimage\",\"url\":\"https:\/\/medicalpc.cz\/wp-content\/uploads\/2024\/07\/ipc_medicalpc_vertical.png\",\"contentUrl\":\"https:\/\/medicalpc.cz\/wp-content\/uploads\/2024\/07\/ipc_medicalpc_vertical.png\",\"width\":300,\"height\":300},{\"@type\":\"BreadcrumbList\",\"@id\":\"https:\/\/medicalpc.cz\/o-nas\/#breadcrumb\",\"itemListElement\":[{\"@type\":\"ListItem\",\"position\":1,\"name\":\"Dom\u016f\",\"item\":\"https:\/\/medicalpc.cz\/\"},{\"@type\":\"ListItem\",\"position\":2,\"name\":\"O n\u00e1s\"}]},{\"@type\":\"WebSite\",\"@id\":\"https:\/\/medicalpc.cz\/#website\",\"url\":\"https:\/\/medicalpc.cz\/\",\"name\":\"MedicalPC\",\"description\":\"\",\"potentialAction\":[{\"@type\":\"SearchAction\",\"target\":{\"@type\":\"EntryPoint\",\"urlTemplate\":\"https:\/\/medicalpc.cz\/?s={search_term_string}\"},\"query-input\":{\"@type\":\"PropertyValueSpecification\",\"valueRequired\":true,\"valueName\":\"search_term_string\"}}],\"inLanguage\":\"en-GB\"}]}<\/script>\r\n<!-- \/ Yoast SEO plugin. -->","yoast_head_json":{"title":"O n\u00e1s | AutoCont IPC a.s.","description":"Jsme stabiln\u00ed a zavedenou spole\u010dnost\u00ed, kter\u00e1 ji\u017e p\u0159es\u00a026 let\u00a0vyr\u00e1b\u00ed a dod\u00e1v\u00e1 pr\u016fmyslovou PC techniku a speci\u00e1ln\u00ed IT syst\u00e9my. D\u00edky mnohalet\u00fdm zku\u0161enostem zast\u00e1v\u00e1me pozici l\u00eddra na \u010desk\u00e9m a slovensk\u00e9m trhu a po cel\u00e9m sv\u011bt\u011b najdete stovky na\u0161ich z\u00e1kazn\u00edk\u016f, kte\u0159\u00ed v na\u0161e slu\u017eby vkl\u00e1daj\u00ed\u00a0velkou d\u016fv\u011bru.","robots":{"index":"index","follow":"follow","max-snippet":"max-snippet:-1","max-image-preview":"max-image-preview:large","max-video-preview":"max-video-preview:-1"},"canonical":"https:\/\/medicalpc.cz\/en\/o-nas\/","og_locale":"en_GB","og_type":"article","og_title":"O n\u00e1s | AutoCont IPC a.s.","og_description":"Jsme stabiln\u00ed a zavedenou spole\u010dnost\u00ed, kter\u00e1 ji\u017e p\u0159es\u00a026 let\u00a0vyr\u00e1b\u00ed a dod\u00e1v\u00e1 pr\u016fmyslovou PC techniku a speci\u00e1ln\u00ed IT syst\u00e9my. D\u00edky mnohalet\u00fdm zku\u0161enostem zast\u00e1v\u00e1me pozici l\u00eddra na \u010desk\u00e9m a slovensk\u00e9m trhu a po cel\u00e9m sv\u011bt\u011b najdete stovky na\u0161ich z\u00e1kazn\u00edk\u016f, kte\u0159\u00ed v na\u0161e slu\u017eby vkl\u00e1daj\u00ed\u00a0velkou d\u016fv\u011bru.","og_url":"https:\/\/medicalpc.cz\/en\/o-nas\/","og_site_name":"MedicalPC","article_modified_time":"2025-06-20T09:19:41+00:00","og_image":[{"width":300,"height":300,"url":"https:\/\/medicalpc.cz\/wp-content\/uploads\/2024\/07\/ipc_medicalpc_vertical.png","type":"image\/png"}],"twitter_card":"summary_large_image","twitter_misc":{"Estimated reading time":"1 minute"},"schema":{"@context":"https:\/\/schema.org","@graph":[{"@type":"WebPage","@id":"https:\/\/medicalpc.cz\/o-nas\/","url":"https:\/\/medicalpc.cz\/o-nas\/","name":"O n\u00e1s | AutoCont IPC a.s.","isPartOf":{"@id":"https:\/\/medicalpc.cz\/#website"},"primaryImageOfPage":{"@id":"https:\/\/medicalpc.cz\/o-nas\/#primaryimage"},"image":{"@id":"https:\/\/medicalpc.cz\/o-nas\/#primaryimage"},"thumbnailUrl":"https:\/\/medicalpc.cz\/wp-content\/uploads\/2024\/07\/ipc_medicalpc_vertical.png","datePublished":"2016-02-28T12:10:13+00:00","dateModified":"2025-06-20T09:19:41+00:00","description":"Jsme stabiln\u00ed a zavedenou spole\u010dnost\u00ed, kter\u00e1 ji\u017e p\u0159es\u00a026 let\u00a0vyr\u00e1b\u00ed a dod\u00e1v\u00e1 pr\u016fmyslovou PC techniku a speci\u00e1ln\u00ed IT syst\u00e9my. D\u00edky mnohalet\u00fdm zku\u0161enostem zast\u00e1v\u00e1me pozici l\u00eddra na \u010desk\u00e9m a slovensk\u00e9m trhu a po cel\u00e9m sv\u011bt\u011b najdete stovky na\u0161ich z\u00e1kazn\u00edk\u016f, kte\u0159\u00ed v na\u0161e slu\u017eby vkl\u00e1daj\u00ed\u00a0velkou d\u016fv\u011bru.","breadcrumb":{"@id":"https:\/\/medicalpc.cz\/o-nas\/#breadcrumb"},"inLanguage":"en-GB","potentialAction":[{"@type":"ReadAction","target":["https:\/\/medicalpc.cz\/o-nas\/"]}]},{"@type":"ImageObject","inLanguage":"en-GB","@id":"https:\/\/medicalpc.cz\/o-nas\/#primaryimage","url":"https:\/\/medicalpc.cz\/wp-content\/uploads\/2024\/07\/ipc_medicalpc_vertical.png","contentUrl":"https:\/\/medicalpc.cz\/wp-content\/uploads\/2024\/07\/ipc_medicalpc_vertical.png","width":300,"height":300},{"@type":"BreadcrumbList","@id":"https:\/\/medicalpc.cz\/o-nas\/#breadcrumb","itemListElement":[{"@type":"ListItem","position":1,"name":"Dom\u016f","item":"https:\/\/medicalpc.cz\/"},{"@type":"ListItem","position":2,"name":"O n\u00e1s"}]},{"@type":"WebSite","@id":"https:\/\/medicalpc.cz\/#website","url":"https:\/\/medicalpc.cz\/","name":"MedicalPC","description":"","potentialAction":[{"@type":"SearchAction","target":{"@type":"EntryPoint","urlTemplate":"https:\/\/medicalpc.cz\/?s={search_term_string}"},"query-input":{"@type":"PropertyValueSpecification","valueRequired":true,"valueName":"search_term_string"}}],"inLanguage":"en-GB"}]}},"tpgb_featured_images":{"full":["https:\/\/medicalpc.cz\/wp-content\/uploads\/2024\/07\/ipc_medicalpc_vertical.png",300,300,false],"tp-image-grid":["https:\/\/medicalpc.cz\/wp-content\/uploads\/2024\/07\/ipc_medicalpc_vertical-700x700.png",700,700,true],"thumbnail":["https:\/\/medicalpc.cz\/wp-content\/uploads\/2024\/07\/ipc_medicalpc_vertical-150x150.png",150,150,true],"medium":["https:\/\/medicalpc.cz\/wp-content\/uploads\/2024\/07\/ipc_medicalpc_vertical-350x350.png",300,300,true],"medium_large":["https:\/\/medicalpc.cz\/wp-content\/uploads\/2024\/07\/ipc_medicalpc_vertical.png",300,300,false],"large":["https:\/\/medicalpc.cz\/wp-content\/uploads\/2024\/07\/ipc_medicalpc_vertical-700x700.png",700,700,true],"default":"https:\/\/medicalpc.cz\/wp-content\/plugins\/the-plus-addons-for-block-editor\/assets\/images\/tpgb-placeholder.jpg"},"tpgb_post_meta_info":{"get_date":"28. 2. 2016","get_modified_date":"20. 6. 2025","author_name":"Jan Fojt\u00edk","author_url":"https:\/\/medicalpc.cz\/en\/author\/jan-fojtik\/","author_email":"fojtikjan.02@seznam.cz","author_website":"","author_description":"","author_facebook":"","author_twitter":"","author_instagram":"","author_role":["administrator"],"author_firstname":"Jan","author_lastname":"Fojt\u00edk","user_login":"jan.fojtik","author_avatar":"<img alt='' src='https:\/\/secure.gravatar.com\/avatar\/f4176f261e0f97e1c976dbc65ddfa2b7accf6e186364c3630489b82c5c8194c1?s=200&#038;d=mm&#038;r=g' srcset='https:\/\/secure.gravatar.com\/avatar\/f4176f261e0f97e1c976dbc65ddfa2b7accf6e186364c3630489b82c5c8194c1?s=400&#038;d=mm&#038;r=g 2x' class='avatar avatar-200 photo' height='200' width='200' loading='lazy' decoding='async'\/>","author_avatar_url":"https:\/\/secure.gravatar.com\/avatar\/f4176f261e0f97e1c976dbc65ddfa2b7accf6e186364c3630489b82c5c8194c1?s=96&d=mm&r=g","comment_count":0,"post_likes":0,"post_views":0},"tpgb_post_category":[],"_links":{"self":[{"href":"https:\/\/medicalpc.cz\/en\/wp-json\/wp\/v2\/pages\/55","targetHints":{"allow":["GET"]}}],"collection":[{"href":"https:\/\/medicalpc.cz\/en\/wp-json\/wp\/v2\/pages"}],"about":[{"href":"https:\/\/medicalpc.cz\/en\/wp-json\/wp\/v2\/types\/page"}],"author":[{"embeddable":true,"href":"https:\/\/medicalpc.cz\/en\/wp-json\/wp\/v2\/users\/2"}],"replies":[{"embeddable":true,"href":"https:\/\/medicalpc.cz\/en\/wp-json\/wp\/v2\/comments?post=55"}],"version-history":[{"count":6,"href":"https:\/\/medicalpc.cz\/en\/wp-json\/wp\/v2\/pages\/55\/revisions"}],"predecessor-version":[{"id":10068,"href":"https:\/\/medicalpc.cz\/en\/wp-json\/wp\/v2\/pages\/55\/revisions\/10068"}],"wp:featuredmedia":[{"embeddable":true,"href":"https:\/\/medicalpc.cz\/en\/wp-json\/wp\/v2\/media\/9866"}],"wp:attachment":[{"href":"https:\/\/medicalpc.cz\/en\/wp-json\/wp\/v2\/media?parent=55"}],"curies":[{"name":"wp","href":"https:\/\/api.w.org\/{rel}","templated":true}]}}