{"id":3036,"date":"2018-08-22T13:00:39","date_gmt":"2018-08-22T13:00:39","guid":{"rendered":"http:\/\/www.autocont-ipc.cz\/?page_id=3036"},"modified":"2018-08-22T13:00:39","modified_gmt":"2018-08-22T13:00:39","slug":"ochrana-osobnich-udaju","status":"publish","type":"page","link":"https:\/\/medicalpc.cz\/en\/ochrana-osobnich-udaju\/","title":{"rendered":"Souhlas se zpracov\u00e1n\u00edm osobn\u00edch \u00fadaj\u016f"},"content":{"rendered":"<p>T\u00edmto&nbsp;<strong>ud\u011bluji<\/strong>&nbsp;spole\u010dnosti AutoCont IPC a.s, I\u010cO: 25872613, se s\u00eddlem Uhl\u00ed\u0159sk\u00e1 1064\/3, 710 00 Slezsk\u00e1 Ostrava, \u010cesk\u00e1 republika&nbsp;<strong>souhlas, aby zpracov\u00e1vala m\u00e9 osobn\u00ed \u00fadaje v souladu s platnou n\u00e1rodn\u00ed a evropskou legislativou<\/strong>&nbsp;&#8211; zejm\u00e9na v souladu se z\u00e1konem \u010d. 101\/2000 Sb., o ochran\u011b osobn\u00edch \u00fadaj\u016f a Na\u0159\u00edzen\u00edm evropsk\u00e9ho parlamentu a rady (EU) 2016\/679. Spole\u010dnost AutoCont IPC a.s. zpracov\u00e1v\u00e1 osobn\u00ed \u00fadaje uveden\u00e9 v REGISTRA\u010cN\u00cdM FORMUL\u00c1\u0158I (jm\u00e9no, p\u0159\u00edjmen\u00ed, e-mailov\u00e1 adresa, telefonn\u00ed \u010d\u00edslo, spole\u010dnost) pro \u00fa\u010dely organizace akce &#8222;INDUSTRY 4.0 ANEB CHYTR\u00c1 TOV\u00c1RNA&#8220; a pro \u00fa\u010dely p\u0159\u00edpadn\u00e9ho n\u00e1sledn\u00e9ho kontaktov\u00e1n\u00ed s c\u00edlem zasl\u00e1n\u00ed obchodn\u00ed nab\u00eddky. Z\u00e1rove\u0148 <strong>ud\u011bluji <\/strong>v\u00fd\u0161e uveden\u00e9 spole\u010dnosti souhlas se zpracov\u00e1n\u00edm a zve\u0159ejn\u011bn\u00edm fotografie \u010di fotografi\u00ed m\u00e9 osoby, vznikl\u00e9 za \u00fa\u010delem dokumentace v\u00fd\u0161e uveden\u00e9 akce a propagace spole\u010dnosti AutoCont IPC a.s. a jej\u00edch partner\u016f.<\/p>\n\n\n\n<p>Tyto osobn\u00ed \u00fadaje bude firma zpracov\u00e1vat maxim\u00e1ln\u011b po dobu 5 let, p\u0159\u00edpadn\u011b po dobu trv\u00e1n\u00ed obchodn\u00ed spolupr\u00e1ce.<\/p>\n\n\n\n<p>Osobn\u00ed \u00fadaje budou zpracov\u00e1v\u00e1ny pomoc\u00ed prost\u0159edk\u016f v\u00fdpo\u010detn\u00ed techniky k tomu pov\u011b\u0159en\u00fdmi osobami. Odesl\u00e1n\u00edm registra\u010dn\u00edho formul\u00e1\u0159e prohla\u0161ujete, \u017ee V\u00e1mi poskytnut\u00e9 \u00fadaje jsou pravdiv\u00e9 a jsou poskytnuty dobrovoln\u011b. M\u00e1te pr\u00e1vo sv\u016fj souhlas se zpracov\u00e1n\u00edm osobn\u00edch \u00fadaj\u016f kdykoliv odvolat zasl\u00e1n\u00edm emailu na&nbsp;<a href=\"mailto:gdpr@autocont-ipc.cz\">gdpr@autocont-ipc.cz<\/a>&nbsp;nebo dopisu na adresu AutoCont IPC a.s., Uhl\u00ed\u0159sk\u00e1 1064\/3, 710 00 Slezsk\u00e1 Ostrava, \u010cesk\u00e1 republika. Odvol\u00e1n\u00ed souhlasu je \u00fa\u010dinn\u00e9 okam\u017eikem doru\u010den\u00ed.<\/p>\n\n\n\n<p>Dle pr\u00e1vn\u00edch p\u0159edpis\u016f m\u00e1te jako subjekt \u00fadaj\u016f tato pr\u00e1va: a) na p\u0159\u00edstup k osobn\u00edm \u00fadaj\u016fm, b) na opravu nep\u0159esn\u00fdch nebo nepravdiv\u00fdch osobn\u00edch \u00fadaj\u016f, c) na v\u00fdmaz osobn\u00edch \u00fadaj\u016f, d) na omezen\u00ed zpracov\u00e1n\u00ed osobn\u00edch \u00fadaj\u016f, e) na p\u0159enositelnost \u00fadaj\u016f, f) vzn\u00e9st n\u00e1mitku, g) neb\u00fdt p\u0159edm\u011btem automatizovan\u00e9ho individu\u00e1ln\u00edho rozhodov\u00e1n\u00ed, v\u010detn\u011b profilov\u00e1n\u00ed. V p\u0159\u00edpad\u011b pochybnost\u00ed o dodr\u017eov\u00e1n\u00ed povinnost\u00ed souvisej\u00edc\u00edch se zpracov\u00e1n\u00edm osobn\u00edch \u00fadaj\u016f m\u016f\u017eete po n\u00e1s po\u017eadovat vysv\u011btlen\u00ed nebo se obr\u00e1tit na \u00da\u0159ad pro ochranu osobn\u00edch \u00fadaj\u016f.<\/p>","protected":false},"excerpt":{"rendered":"T\u00edmto&nbsp;ud\u011bluji&nbsp;spole\u010dnosti AutoCont IPC a.s, I\u010cO: 25872613, se s\u00eddlem Uhl\u00ed\u0159sk\u00e1 1064\/3, 710 00 Slezsk\u00e1 Ostrava, \u010cesk\u00e1 republika&nbsp;souhlas, aby zpracov\u00e1vala m\u00e9 osobn\u00ed \u00fadaje v souladu s platnou n\u00e1rodn\u00ed a evropskou legislativou&nbsp;&#8211; zejm\u00e9na v souladu se z\u00e1konem \u010d. 101\/2000 Sb., o ochran\u011b osobn\u00edch \u00fadaj\u016f a Na\u0159\u00edzen\u00edm evropsk\u00e9ho parlamentu a rady (EU) 2016\/679. Spole\u010dnost AutoCont IPC a.s. zpracov\u00e1v\u00e1 osobn\u00ed [&hellip;]","protected":false},"author":2,"featured_media":0,"parent":0,"menu_order":0,"comment_status":"closed","ping_status":"closed","template":"","meta":{"tpgb_global_settings":"","footnotes":""},"class_list":["post-3036","page","type-page","status-publish","hentry"],"yoast_head":"<!-- This site is optimized with the Yoast SEO plugin v27.1.1 - https:\/\/yoast.com\/product\/yoast-seo-wordpress\/ -->\r\n<title>Souhlas se zpracov\u00e1n\u00edm osobn\u00edch \u00fadaj\u016f | MedicalPC<\/title>\r\n<meta name=\"robots\" content=\"index, follow, max-snippet:-1, max-image-preview:large, max-video-preview:-1\" \/>\r\n<link rel=\"canonical\" href=\"https:\/\/medicalpc.cz\/en\/ochrana-osobnich-udaju\/\" \/>\r\n<meta property=\"og:locale\" content=\"en_GB\" \/>\r\n<meta property=\"og:type\" content=\"article\" \/>\r\n<meta property=\"og:title\" content=\"Souhlas se zpracov\u00e1n\u00edm osobn\u00edch \u00fadaj\u016f | MedicalPC\" \/>\r\n<meta property=\"og:description\" content=\"T\u00edmto&nbsp;ud\u011bluji&nbsp;spole\u010dnosti AutoCont IPC a.s, I\u010cO: 25872613, se s\u00eddlem Uhl\u00ed\u0159sk\u00e1 1064\/3, 710 00 Slezsk\u00e1 Ostrava, \u010cesk\u00e1 republika&nbsp;souhlas, aby zpracov\u00e1vala m\u00e9 osobn\u00ed \u00fadaje v souladu s platnou n\u00e1rodn\u00ed a evropskou legislativou&nbsp;&#8211; zejm\u00e9na v souladu se z\u00e1konem \u010d. 101\/2000 Sb., o ochran\u011b osobn\u00edch \u00fadaj\u016f a Na\u0159\u00edzen\u00edm evropsk\u00e9ho parlamentu a rady (EU) 2016\/679. Spole\u010dnost AutoCont IPC a.s. zpracov\u00e1v\u00e1 osobn\u00ed [&hellip;]\" \/>\r\n<meta property=\"og:url\" content=\"https:\/\/medicalpc.cz\/en\/ochrana-osobnich-udaju\/\" \/>\r\n<meta property=\"og:site_name\" content=\"MedicalPC\" \/>\r\n<meta name=\"twitter:card\" content=\"summary_large_image\" \/>\r\n<meta name=\"twitter:label1\" content=\"Estimated reading time\" \/>\n\t<meta name=\"twitter:data1\" content=\"2 minutes\" \/>\r\n<script type=\"application\/ld+json\" class=\"yoast-schema-graph\">{\"@context\":\"https:\/\/schema.org\",\"@graph\":[{\"@type\":\"WebPage\",\"@id\":\"https:\/\/medicalpc.cz\/ochrana-osobnich-udaju\/\",\"url\":\"https:\/\/medicalpc.cz\/ochrana-osobnich-udaju\/\",\"name\":\"Souhlas se zpracov\u00e1n\u00edm osobn\u00edch \u00fadaj\u016f | MedicalPC\",\"isPartOf\":{\"@id\":\"https:\/\/medicalpc.cz\/#website\"},\"datePublished\":\"2018-08-22T13:00:39+00:00\",\"breadcrumb\":{\"@id\":\"https:\/\/medicalpc.cz\/ochrana-osobnich-udaju\/#breadcrumb\"},\"inLanguage\":\"en-GB\",\"potentialAction\":[{\"@type\":\"ReadAction\",\"target\":[\"https:\/\/medicalpc.cz\/ochrana-osobnich-udaju\/\"]}]},{\"@type\":\"BreadcrumbList\",\"@id\":\"https:\/\/medicalpc.cz\/ochrana-osobnich-udaju\/#breadcrumb\",\"itemListElement\":[{\"@type\":\"ListItem\",\"position\":1,\"name\":\"Dom\u016f\",\"item\":\"https:\/\/medicalpc.cz\/\"},{\"@type\":\"ListItem\",\"position\":2,\"name\":\"Souhlas se zpracov\u00e1n\u00edm osobn\u00edch \u00fadaj\u016f\"}]},{\"@type\":\"WebSite\",\"@id\":\"https:\/\/medicalpc.cz\/#website\",\"url\":\"https:\/\/medicalpc.cz\/\",\"name\":\"MedicalPC\",\"description\":\"\",\"potentialAction\":[{\"@type\":\"SearchAction\",\"target\":{\"@type\":\"EntryPoint\",\"urlTemplate\":\"https:\/\/medicalpc.cz\/?s={search_term_string}\"},\"query-input\":{\"@type\":\"PropertyValueSpecification\",\"valueRequired\":true,\"valueName\":\"search_term_string\"}}],\"inLanguage\":\"en-GB\"}]}<\/script>\r\n<!-- \/ Yoast SEO plugin. -->","yoast_head_json":{"title":"Souhlas se zpracov\u00e1n\u00edm osobn\u00edch \u00fadaj\u016f | MedicalPC","robots":{"index":"index","follow":"follow","max-snippet":"max-snippet:-1","max-image-preview":"max-image-preview:large","max-video-preview":"max-video-preview:-1"},"canonical":"https:\/\/medicalpc.cz\/en\/ochrana-osobnich-udaju\/","og_locale":"en_GB","og_type":"article","og_title":"Souhlas se zpracov\u00e1n\u00edm osobn\u00edch \u00fadaj\u016f | MedicalPC","og_description":"T\u00edmto&nbsp;ud\u011bluji&nbsp;spole\u010dnosti AutoCont IPC a.s, I\u010cO: 25872613, se s\u00eddlem Uhl\u00ed\u0159sk\u00e1 1064\/3, 710 00 Slezsk\u00e1 Ostrava, \u010cesk\u00e1 republika&nbsp;souhlas, aby zpracov\u00e1vala m\u00e9 osobn\u00ed \u00fadaje v souladu s platnou n\u00e1rodn\u00ed a evropskou legislativou&nbsp;&#8211; zejm\u00e9na v souladu se z\u00e1konem \u010d. 101\/2000 Sb., o ochran\u011b osobn\u00edch \u00fadaj\u016f a Na\u0159\u00edzen\u00edm evropsk\u00e9ho parlamentu a rady (EU) 2016\/679. Spole\u010dnost AutoCont IPC a.s. zpracov\u00e1v\u00e1 osobn\u00ed [&hellip;]","og_url":"https:\/\/medicalpc.cz\/en\/ochrana-osobnich-udaju\/","og_site_name":"MedicalPC","twitter_card":"summary_large_image","twitter_misc":{"Estimated reading time":"2 minutes"},"schema":{"@context":"https:\/\/schema.org","@graph":[{"@type":"WebPage","@id":"https:\/\/medicalpc.cz\/ochrana-osobnich-udaju\/","url":"https:\/\/medicalpc.cz\/ochrana-osobnich-udaju\/","name":"Souhlas se zpracov\u00e1n\u00edm osobn\u00edch \u00fadaj\u016f | MedicalPC","isPartOf":{"@id":"https:\/\/medicalpc.cz\/#website"},"datePublished":"2018-08-22T13:00:39+00:00","breadcrumb":{"@id":"https:\/\/medicalpc.cz\/ochrana-osobnich-udaju\/#breadcrumb"},"inLanguage":"en-GB","potentialAction":[{"@type":"ReadAction","target":["https:\/\/medicalpc.cz\/ochrana-osobnich-udaju\/"]}]},{"@type":"BreadcrumbList","@id":"https:\/\/medicalpc.cz\/ochrana-osobnich-udaju\/#breadcrumb","itemListElement":[{"@type":"ListItem","position":1,"name":"Dom\u016f","item":"https:\/\/medicalpc.cz\/"},{"@type":"ListItem","position":2,"name":"Souhlas se zpracov\u00e1n\u00edm osobn\u00edch \u00fadaj\u016f"}]},{"@type":"WebSite","@id":"https:\/\/medicalpc.cz\/#website","url":"https:\/\/medicalpc.cz\/","name":"MedicalPC","description":"","potentialAction":[{"@type":"SearchAction","target":{"@type":"EntryPoint","urlTemplate":"https:\/\/medicalpc.cz\/?s={search_term_string}"},"query-input":{"@type":"PropertyValueSpecification","valueRequired":true,"valueName":"search_term_string"}}],"inLanguage":"en-GB"}]}},"tpgb_featured_images":null,"tpgb_post_meta_info":{"get_date":"22. 8. 2018","get_modified_date":"22. 8. 2018","author_name":"Jan Fojt\u00edk","author_url":"https:\/\/medicalpc.cz\/en\/author\/jan-fojtik\/","author_email":"fojtikjan.02@seznam.cz","author_website":"","author_description":"","author_facebook":"","author_twitter":"","author_instagram":"","author_role":["administrator"],"author_firstname":"Jan","author_lastname":"Fojt\u00edk","user_login":"jan.fojtik","author_avatar":"<img alt='' src='https:\/\/secure.gravatar.com\/avatar\/f4176f261e0f97e1c976dbc65ddfa2b7accf6e186364c3630489b82c5c8194c1?s=200&#038;d=mm&#038;r=g' srcset='https:\/\/secure.gravatar.com\/avatar\/f4176f261e0f97e1c976dbc65ddfa2b7accf6e186364c3630489b82c5c8194c1?s=400&#038;d=mm&#038;r=g 2x' class='avatar avatar-200 photo' height='200' width='200' loading='lazy' decoding='async'\/>","author_avatar_url":"https:\/\/secure.gravatar.com\/avatar\/f4176f261e0f97e1c976dbc65ddfa2b7accf6e186364c3630489b82c5c8194c1?s=96&d=mm&r=g","comment_count":0,"post_likes":0,"post_views":0},"tpgb_post_category":[],"_links":{"self":[{"href":"https:\/\/medicalpc.cz\/en\/wp-json\/wp\/v2\/pages\/3036","targetHints":{"allow":["GET"]}}],"collection":[{"href":"https:\/\/medicalpc.cz\/en\/wp-json\/wp\/v2\/pages"}],"about":[{"href":"https:\/\/medicalpc.cz\/en\/wp-json\/wp\/v2\/types\/page"}],"author":[{"embeddable":true,"href":"https:\/\/medicalpc.cz\/en\/wp-json\/wp\/v2\/users\/2"}],"replies":[{"embeddable":true,"href":"https:\/\/medicalpc.cz\/en\/wp-json\/wp\/v2\/comments?post=3036"}],"version-history":[{"count":0,"href":"https:\/\/medicalpc.cz\/en\/wp-json\/wp\/v2\/pages\/3036\/revisions"}],"wp:attachment":[{"href":"https:\/\/medicalpc.cz\/en\/wp-json\/wp\/v2\/media?parent=3036"}],"curies":[{"name":"wp","href":"https:\/\/api.w.org\/{rel}","templated":true}]}}