{"id":2852,"date":"2018-05-07T11:05:49","date_gmt":"2018-05-07T11:05:49","guid":{"rendered":"http:\/\/www.autocont-ipc.cz\/?page_id=2852"},"modified":"2018-05-07T11:05:49","modified_gmt":"2018-05-07T11:05:49","slug":"cookies","status":"publish","type":"page","link":"https:\/\/medicalpc.cz\/en\/cookies\/","title":{"rendered":"Souhlas s\u00a0pou\u017eit\u00edm soubor\u016f cookies"},"content":{"rendered":"<h3 class=\"wp-block-heading\"><strong>Co jsou soubory cookies<\/strong><\/h3>\n\n\n\n<p>Soubory cookies jsou kr\u00e1tk\u00e9 textov\u00e9 soubory, kter\u00e9 internetov\u00e1 str\u00e1nka ode\u0161le do Va\u0161eho prohl\u00ed\u017ee\u010de. Umo\u017e\u0148uj\u00ed internetov\u00e9 str\u00e1nce zaznamenat informace o Va\u0161\u00ed n\u00e1v\u0161t\u011bv\u011b, nap\u0159\u00edklad zvolen\u00fd jazyk a podobn\u011b. N\u00e1sleduj\u00edc\u00ed n\u00e1v\u0161t\u011bva str\u00e1nek tak pro V\u00e1s m\u016f\u017ee b\u00fdt snaz\u0161\u00ed a p\u0159\u00edjemn\u011bj\u0161\u00ed. Soubory cookies jsou d\u016fle\u017eit\u00e9, nebo\u0165 bez nich by proch\u00e1zen\u00ed s\u00edt\u011b Internet bylo mnohem slo\u017eit\u011bj\u0161\u00ed. Soubory cookies umo\u017e\u0148uj\u00ed lep\u0161\u00ed vyu\u017eit\u00ed na\u0161\u00ed internetov\u00e9 str\u00e1nky a p\u0159izp\u016fsoben\u00ed jej\u00edho obsahu Va\u0161im pot\u0159eb\u00e1m. Soubory cookies pou\u017e\u00edv\u00e1 t\u00e9m\u011b\u0159 ka\u017ed\u00e1 internetov\u00e1 str\u00e1nka na sv\u011bt\u011b. Soubory cookies jsou u\u017eite\u010dn\u00e9, proto\u017ee zvy\u0161uj\u00ed u\u017eivatelskou p\u0159\u00edv\u011btivost opakovan\u011b nav\u0161t\u00edven\u00e9 internetov\u00e9 str\u00e1nky.<\/p>\n\n\n\n<p>&nbsp;<\/p>\n\n\n\n<h3 class=\"wp-block-heading\"><strong>Druhy soubor\u016f cookies<\/strong><\/h3>\n\n\n\n<p>Rela\u010dn\u00ed (tedy do\u010dasn\u00e9) soubory cookies n\u00e1m umo\u017e\u0148uj\u00ed propojovat Va\u0161e jednotliv\u00e9 aktivity po dobu prohl\u00ed\u017een\u00ed t\u011bchto internetov\u00fdch str\u00e1nek. V okam\u017eiku otev\u0159en\u00ed okna Va\u0161eho prohl\u00ed\u017ee\u010de se tyto soubory aktivuj\u00ed a deaktivuj\u00ed se po zav\u0159en\u00ed okna Va\u0161eho prohl\u00ed\u017ee\u010de. Rela\u010dn\u00ed cookies jsou do\u010dasn\u00e9 a po zav\u0159en\u00ed prohl\u00ed\u017ee\u010de se v\u0161echny tyto soubory vyma\u017eou.<\/p>\n\n\n\n<p>Trval\u00e9 soubory cookies n\u00e1m pom\u00e1haj\u00ed V\u00e1\u0161 po\u010d\u00edta\u010d identifikovat, jestli\u017ee op\u011btovn\u011b nav\u0161t\u00edv\u00edte na\u0161e internetov\u00e9 str\u00e1nky. Dal\u0161\u00ed v\u00fdhodou trval\u00fdch cookies je to, \u017ee n\u00e1m umo\u017e\u0148uj\u00ed p\u0159izp\u016fsobit na\u0161e internetov\u00e9 str\u00e1nky Va\u0161im pot\u0159eb\u00e1m.<\/p>\n\n\n\n<p>&nbsp;<\/p>\n\n\n\n<h3 class=\"wp-block-heading\"><strong>Vyu\u017e\u00edv\u00e1n\u00ed soubor\u016f cookies<\/strong><\/h3>\n\n\n\n<p>V souladu s ustanoven\u00edm \u00a7 89 odst. 3 z\u00e1k. \u010d. 127\/2005 Sb., o elektronick\u00fdch komunikac\u00edch, ve zn\u011bn\u00ed pozd\u011bj\u0161\u00edch p\u0159edpis\u016f a v&nbsp;souladu s Na\u0159\u00edzen\u00edm evropsk\u00e9ho parlamentu a rady EU 2016\/679, si V\u00e1s t\u00edmto dovolujeme informovat, \u017ee na\u0161e internetov\u00e9 str\u00e1nky vyu\u017e\u00edvaj\u00ed pro svoji \u010dinnost soubory cookies, tedy Va\u0161e soubory cookies, v\u010detn\u011b trval\u00fdch.<\/p>\n\n\n\n<p>Tento souhlas n\u00e1m ud\u011blujete na dobu 24 m\u011bs\u00edc\u016f.<\/p>\n\n\n\n<p>Internetov\u00e9 prohl\u00ed\u017ee\u010de obvykle obsahuj\u00ed spr\u00e1vu soubor\u016f cookies. V r\u00e1mci nastaven\u00ed Va\u0161eho prohl\u00ed\u017ee\u010de tak pravd\u011bpodobn\u011b m\u016f\u017eete jednotliv\u00e9 soubory cookies ru\u010dn\u011b mazat, blokovat \u010di zcela zak\u00e1zat jejich pou\u017e\u00edv\u00e1n\u00ed. Pro v\u00edce informac\u00ed pou\u017eijte n\u00e1pov\u011bdu Va\u0161eho internetov\u00e9ho prohl\u00ed\u017ee\u010de.<\/p>\n\n\n\n<p>&nbsp;<\/p>\n\n\n\n<h3 class=\"wp-block-heading\"><strong>\u00da\u010del pou\u017eit\u00ed soubor\u016f cookies<\/strong><\/h3>\n\n\n\n<p>K personalizaci obsahu a reklam, poskytov\u00e1n\u00ed funkc\u00ed soci\u00e1ln\u00edch m\u00e9di\u00ed a anal\u00fdze na\u0161\u00ed n\u00e1v\u0161t\u011bvnosti vyu\u017e\u00edv\u00e1me soubory cookies. Informace o tom, jak n\u00e1\u0161 web pou\u017e\u00edv\u00e1te, sd\u00edl\u00edme se sv\u00fdmi partnery p\u016fsob\u00edc\u00edmi v oblasti soci\u00e1ln\u00edch m\u00e9di\u00ed, inzerce a anal\u00fdz.<\/p>\n\n\n\n<p>&nbsp;<\/p>\n\n\n\n<p><em>Dal\u0161\u00ed informace o souborech cookies m\u016f\u017eete nal\u00e9zt zde (v angli\u010dtin\u011b):&nbsp;<a href=\"http:\/\/ec.europa.eu\/ipg\/basics\/legal\/cookies\/index_en.htm\" target=\"_blank\" rel=\"noopener\">http:\/\/ec.europa.eu\/ipg\/basics\/legal\/cookies\/index_en.htm<\/a><\/em><\/p>","protected":false},"excerpt":{"rendered":"Co jsou soubory cookies Soubory cookies jsou kr\u00e1tk\u00e9 textov\u00e9 soubory, kter\u00e9 internetov\u00e1 str\u00e1nka ode\u0161le do Va\u0161eho prohl\u00ed\u017ee\u010de. Umo\u017e\u0148uj\u00ed internetov\u00e9 str\u00e1nce zaznamenat informace o Va\u0161\u00ed n\u00e1v\u0161t\u011bv\u011b, nap\u0159\u00edklad zvolen\u00fd jazyk a podobn\u011b. N\u00e1sleduj\u00edc\u00ed n\u00e1v\u0161t\u011bva str\u00e1nek tak pro V\u00e1s m\u016f\u017ee b\u00fdt snaz\u0161\u00ed a p\u0159\u00edjemn\u011bj\u0161\u00ed. Soubory cookies jsou d\u016fle\u017eit\u00e9, nebo\u0165 bez nich by proch\u00e1zen\u00ed s\u00edt\u011b Internet bylo mnohem slo\u017eit\u011bj\u0161\u00ed. [&hellip;]","protected":false},"author":2,"featured_media":0,"parent":0,"menu_order":0,"comment_status":"closed","ping_status":"closed","template":"","meta":{"tpgb_global_settings":"","footnotes":""},"class_list":["post-2852","page","type-page","status-publish","hentry"],"yoast_head":"<!-- This site is optimized with the Yoast SEO plugin v27.1.1 - https:\/\/yoast.com\/product\/yoast-seo-wordpress\/ -->\r\n<title>Souhlas s\u00a0pou\u017eit\u00edm soubor\u016f cookies | MedicalPC<\/title>\r\n<meta name=\"robots\" content=\"index, follow, max-snippet:-1, max-image-preview:large, max-video-preview:-1\" \/>\r\n<link rel=\"canonical\" href=\"https:\/\/medicalpc.cz\/en\/cookies\/\" \/>\r\n<meta property=\"og:locale\" content=\"en_GB\" \/>\r\n<meta property=\"og:type\" content=\"article\" \/>\r\n<meta property=\"og:title\" content=\"Souhlas s\u00a0pou\u017eit\u00edm soubor\u016f cookies | MedicalPC\" \/>\r\n<meta property=\"og:description\" content=\"Co jsou soubory cookies Soubory cookies jsou kr\u00e1tk\u00e9 textov\u00e9 soubory, kter\u00e9 internetov\u00e1 str\u00e1nka ode\u0161le do Va\u0161eho prohl\u00ed\u017ee\u010de. Umo\u017e\u0148uj\u00ed internetov\u00e9 str\u00e1nce zaznamenat informace o Va\u0161\u00ed n\u00e1v\u0161t\u011bv\u011b, nap\u0159\u00edklad zvolen\u00fd jazyk a podobn\u011b. N\u00e1sleduj\u00edc\u00ed n\u00e1v\u0161t\u011bva str\u00e1nek tak pro V\u00e1s m\u016f\u017ee b\u00fdt snaz\u0161\u00ed a p\u0159\u00edjemn\u011bj\u0161\u00ed. Soubory cookies jsou d\u016fle\u017eit\u00e9, nebo\u0165 bez nich by proch\u00e1zen\u00ed s\u00edt\u011b Internet bylo mnohem slo\u017eit\u011bj\u0161\u00ed. [&hellip;]\" \/>\r\n<meta property=\"og:url\" content=\"https:\/\/medicalpc.cz\/en\/cookies\/\" \/>\r\n<meta property=\"og:site_name\" content=\"MedicalPC\" \/>\r\n<meta name=\"twitter:card\" content=\"summary_large_image\" \/>\r\n<meta name=\"twitter:label1\" content=\"Estimated reading time\" \/>\n\t<meta name=\"twitter:data1\" content=\"2 minutes\" \/>\r\n<script type=\"application\/ld+json\" class=\"yoast-schema-graph\">{\"@context\":\"https:\/\/schema.org\",\"@graph\":[{\"@type\":\"WebPage\",\"@id\":\"https:\/\/medicalpc.cz\/cookies\/\",\"url\":\"https:\/\/medicalpc.cz\/cookies\/\",\"name\":\"Souhlas s\u00a0pou\u017eit\u00edm soubor\u016f cookies | MedicalPC\",\"isPartOf\":{\"@id\":\"https:\/\/medicalpc.cz\/#website\"},\"datePublished\":\"2018-05-07T11:05:49+00:00\",\"breadcrumb\":{\"@id\":\"https:\/\/medicalpc.cz\/cookies\/#breadcrumb\"},\"inLanguage\":\"en-GB\",\"potentialAction\":[{\"@type\":\"ReadAction\",\"target\":[\"https:\/\/medicalpc.cz\/cookies\/\"]}]},{\"@type\":\"BreadcrumbList\",\"@id\":\"https:\/\/medicalpc.cz\/cookies\/#breadcrumb\",\"itemListElement\":[{\"@type\":\"ListItem\",\"position\":1,\"name\":\"Dom\u016f\",\"item\":\"https:\/\/medicalpc.cz\/\"},{\"@type\":\"ListItem\",\"position\":2,\"name\":\"Souhlas s\u00a0pou\u017eit\u00edm soubor\u016f cookies\"}]},{\"@type\":\"WebSite\",\"@id\":\"https:\/\/medicalpc.cz\/#website\",\"url\":\"https:\/\/medicalpc.cz\/\",\"name\":\"MedicalPC\",\"description\":\"\",\"potentialAction\":[{\"@type\":\"SearchAction\",\"target\":{\"@type\":\"EntryPoint\",\"urlTemplate\":\"https:\/\/medicalpc.cz\/?s={search_term_string}\"},\"query-input\":{\"@type\":\"PropertyValueSpecification\",\"valueRequired\":true,\"valueName\":\"search_term_string\"}}],\"inLanguage\":\"en-GB\"}]}<\/script>\r\n<!-- \/ Yoast SEO plugin. -->","yoast_head_json":{"title":"Souhlas s\u00a0pou\u017eit\u00edm soubor\u016f cookies | MedicalPC","robots":{"index":"index","follow":"follow","max-snippet":"max-snippet:-1","max-image-preview":"max-image-preview:large","max-video-preview":"max-video-preview:-1"},"canonical":"https:\/\/medicalpc.cz\/en\/cookies\/","og_locale":"en_GB","og_type":"article","og_title":"Souhlas s\u00a0pou\u017eit\u00edm soubor\u016f cookies | MedicalPC","og_description":"Co jsou soubory cookies Soubory cookies jsou kr\u00e1tk\u00e9 textov\u00e9 soubory, kter\u00e9 internetov\u00e1 str\u00e1nka ode\u0161le do Va\u0161eho prohl\u00ed\u017ee\u010de. Umo\u017e\u0148uj\u00ed internetov\u00e9 str\u00e1nce zaznamenat informace o Va\u0161\u00ed n\u00e1v\u0161t\u011bv\u011b, nap\u0159\u00edklad zvolen\u00fd jazyk a podobn\u011b. N\u00e1sleduj\u00edc\u00ed n\u00e1v\u0161t\u011bva str\u00e1nek tak pro V\u00e1s m\u016f\u017ee b\u00fdt snaz\u0161\u00ed a p\u0159\u00edjemn\u011bj\u0161\u00ed. Soubory cookies jsou d\u016fle\u017eit\u00e9, nebo\u0165 bez nich by proch\u00e1zen\u00ed s\u00edt\u011b Internet bylo mnohem slo\u017eit\u011bj\u0161\u00ed. [&hellip;]","og_url":"https:\/\/medicalpc.cz\/en\/cookies\/","og_site_name":"MedicalPC","twitter_card":"summary_large_image","twitter_misc":{"Estimated reading time":"2 minutes"},"schema":{"@context":"https:\/\/schema.org","@graph":[{"@type":"WebPage","@id":"https:\/\/medicalpc.cz\/cookies\/","url":"https:\/\/medicalpc.cz\/cookies\/","name":"Souhlas s\u00a0pou\u017eit\u00edm soubor\u016f cookies | MedicalPC","isPartOf":{"@id":"https:\/\/medicalpc.cz\/#website"},"datePublished":"2018-05-07T11:05:49+00:00","breadcrumb":{"@id":"https:\/\/medicalpc.cz\/cookies\/#breadcrumb"},"inLanguage":"en-GB","potentialAction":[{"@type":"ReadAction","target":["https:\/\/medicalpc.cz\/cookies\/"]}]},{"@type":"BreadcrumbList","@id":"https:\/\/medicalpc.cz\/cookies\/#breadcrumb","itemListElement":[{"@type":"ListItem","position":1,"name":"Dom\u016f","item":"https:\/\/medicalpc.cz\/"},{"@type":"ListItem","position":2,"name":"Souhlas s\u00a0pou\u017eit\u00edm soubor\u016f cookies"}]},{"@type":"WebSite","@id":"https:\/\/medicalpc.cz\/#website","url":"https:\/\/medicalpc.cz\/","name":"MedicalPC","description":"","potentialAction":[{"@type":"SearchAction","target":{"@type":"EntryPoint","urlTemplate":"https:\/\/medicalpc.cz\/?s={search_term_string}"},"query-input":{"@type":"PropertyValueSpecification","valueRequired":true,"valueName":"search_term_string"}}],"inLanguage":"en-GB"}]}},"tpgb_featured_images":null,"tpgb_post_meta_info":{"get_date":"7. 5. 2018","get_modified_date":"7. 5. 2018","author_name":"Jan Fojt\u00edk","author_url":"https:\/\/medicalpc.cz\/en\/author\/jan-fojtik\/","author_email":"fojtikjan.02@seznam.cz","author_website":"","author_description":"","author_facebook":"","author_twitter":"","author_instagram":"","author_role":["administrator"],"author_firstname":"Jan","author_lastname":"Fojt\u00edk","user_login":"jan.fojtik","author_avatar":"<img alt='' src='https:\/\/secure.gravatar.com\/avatar\/f4176f261e0f97e1c976dbc65ddfa2b7accf6e186364c3630489b82c5c8194c1?s=200&#038;d=mm&#038;r=g' srcset='https:\/\/secure.gravatar.com\/avatar\/f4176f261e0f97e1c976dbc65ddfa2b7accf6e186364c3630489b82c5c8194c1?s=400&#038;d=mm&#038;r=g 2x' class='avatar avatar-200 photo' height='200' width='200' loading='lazy' decoding='async'\/>","author_avatar_url":"https:\/\/secure.gravatar.com\/avatar\/f4176f261e0f97e1c976dbc65ddfa2b7accf6e186364c3630489b82c5c8194c1?s=96&d=mm&r=g","comment_count":0,"post_likes":0,"post_views":0},"tpgb_post_category":[],"_links":{"self":[{"href":"https:\/\/medicalpc.cz\/en\/wp-json\/wp\/v2\/pages\/2852","targetHints":{"allow":["GET"]}}],"collection":[{"href":"https:\/\/medicalpc.cz\/en\/wp-json\/wp\/v2\/pages"}],"about":[{"href":"https:\/\/medicalpc.cz\/en\/wp-json\/wp\/v2\/types\/page"}],"author":[{"embeddable":true,"href":"https:\/\/medicalpc.cz\/en\/wp-json\/wp\/v2\/users\/2"}],"replies":[{"embeddable":true,"href":"https:\/\/medicalpc.cz\/en\/wp-json\/wp\/v2\/comments?post=2852"}],"version-history":[{"count":0,"href":"https:\/\/medicalpc.cz\/en\/wp-json\/wp\/v2\/pages\/2852\/revisions"}],"wp:attachment":[{"href":"https:\/\/medicalpc.cz\/en\/wp-json\/wp\/v2\/media?parent=2852"}],"curies":[{"name":"wp","href":"https:\/\/api.w.org\/{rel}","templated":true}]}}