{"id":258,"date":"2016-02-28T12:12:08","date_gmt":"2016-02-28T12:12:08","guid":{"rendered":"http:\/\/www.autocont-ipc.cz\/uvodni-strana\/?lang=en"},"modified":"2024-07-31T15:08:32","modified_gmt":"2024-07-31T13:08:32","slug":"uvodni-strana","status":"publish","type":"page","link":"https:\/\/medicalpc.cz\/en\/","title":{"rendered":"Homepage"},"content":{"rendered":"<div class=\"wp-block-buttons is-content-justification-center is-layout-flex wp-container-core-buttons-is-layout-16018d1d wp-block-buttons-is-layout-flex\">\n<div class=\"wp-block-button has-custom-font-size button hp-eshop-button has-small-font-size\"><a class=\"wp-block-button__link has-white-color has-text-color has-background has-link-color wp-element-button\" href=\"https:\/\/eshop.autocont-ipc.cz\/kategorie-produktu\/medicinska-technika\/\" style=\"border-radius:3px;background-color:#cf091c\">GO TO E-SHOP<\/a><\/div>\n<\/div>\n\n\n\n<hr class=\"wp-block-separator has-text-color has-alpha-channel-opacity has-background is-style-default\" style=\"background-color:#d9d9d9;color:#d9d9d9\"\/>\n\n\n<div class=\"tpgb-empty-space tpgb-block-92d5_258\"><\/div>\n\n\n<div class=\"wp-block-columns is-layout-flex wp-container-core-columns-is-layout-9d6595d7 wp-block-columns-is-layout-flex\">\n<div class=\"wp-block-column is-layout-flow wp-block-column-is-layout-flow\"><div class=\"wp-block-image special\">\n<figure class=\"aligncenter size-large is-resized\"><a href=\"https:\/\/www.tuvsud.com\/en\/industries\/healthcare-and-medical-devices\/medical-devices-and-ivd\/medical-device-market-approval-and-certification\/medical-device-regulation\"><img decoding=\"async\" src=\"http:\/\/medicalpc.cz\/wp-content\/uploads\/2024\/07\/ce-mdd-700x700.jpg\" alt=\"\" style=\"object-fit:cover;width:184px;height:184px\"\/><\/a><\/figure>\n<\/div><\/div>\n\n\n\n<div class=\"wp-block-column is-layout-flow wp-block-column-is-layout-flow\"><div class=\"wp-block-image special\">\n<figure class=\"aligncenter size-large is-resized\"><a href=\"https:\/\/www.tuvsud.com\/en\/industries\/healthcare-and-medical-devices\/medical-devices-and-ivd\/medical-device-testing\/electrical-safety-testing-for-medical-devices\"><img decoding=\"async\" src=\"http:\/\/medicalpc.cz\/wp-content\/uploads\/2024\/07\/iec_en_60601-1-700x700.jpg\" alt=\"\" style=\"object-fit:cover;width:184px;height:184px\"\/><\/a><\/figure>\n<\/div><\/div>\n\n\n\n<div class=\"wp-block-column is-layout-flow wp-block-column-is-layout-flow\"><div class=\"wp-block-image special\">\n<figure class=\"aligncenter size-large is-resized\"><a href=\"https:\/\/cs.wikipedia.org\/wiki\/DICOM\"><img decoding=\"async\" src=\"http:\/\/medicalpc.cz\/wp-content\/uploads\/2024\/07\/dicom-700x700.jpg\" alt=\"\" style=\"object-fit:cover;width:184px;height:184px\"\/><\/a><\/figure>\n<\/div><\/div>\n\n\n\n<div class=\"wp-block-column is-layout-flow wp-block-column-is-layout-flow\"><div class=\"wp-block-image special\">\n<figure class=\"aligncenter size-large is-resized\"><a href=\"https:\/\/cs.wikipedia.org\/wiki\/Stupe%C5%88_kryt%C3%AD\"><img decoding=\"async\" src=\"http:\/\/medicalpc.cz\/wp-content\/uploads\/2024\/07\/ip65-ip68_kryti-700x700.jpg\" alt=\"\" style=\"object-fit:cover;width:184px;height:184px\"\/><\/a><\/figure>\n<\/div><\/div>\n<\/div>\n\n\n\n<div style=\"height:25px\" aria-hidden=\"true\" class=\"wp-block-spacer\"><\/div>\n\n\n\n<h2 class=\"wp-block-heading has-text-align-center\">WE EMPHASIZE HIGH QUALITY AND RELIABILITY<\/h2>\n\n\n\n<p class=\"has-text-align-center has-text-color has-link-color has-medium-font-size wp-elements-0a2080c0e082b0662085ccf608dc632a\" style=\"color:#636a6a\"><strong>ALL EQUIPMENT SOLD MEETS THE REQUIRED STANDARDS AND CERTIFICATIONS<\/strong><\/p>\n\n\n\n<div style=\"height:25px\" aria-hidden=\"true\" class=\"wp-block-spacer\"><\/div>\n\n\n\n<p class=\"has-text-align-center\" style=\"font-size:16px\">The portfolio of medical technology offered is aimed at improving the quality of healthcare in several ways. First of all, these are high-quality and reliable monitors and computers that are able to faithfully capture the outputs of medical devices in operating theatres, as well as in post-operative examinations or check-ups. Although technology cannot replace the doctor-patient relationship, it can help in the often difficult decision-making process where every detail is crucial and must not be overlooked.<br><br>To make the work of doctors and nurses more efficient, handheld aids such as portable tablets are also available to make their work more efficient during routine daily tasks such as rounds or medication administration.<br><br>On the other hand, we do not forget about the patients and making their stay in the hospital more pleasant. With the help of PC-integrated displays, which allow the now common ways of connecting with the outside world, they can help in some cases the recovery process thanks to increased psychological comfort.<\/p>\n\n\n<div class=\"tpgb-empty-space tpgb-block-c574_258\"><\/div>\n\n\n<div class=\"wp-block-columns is-layout-flex wp-container-core-columns-is-layout-9d6595d7 wp-block-columns-is-layout-flex\">\n<div class=\"wp-block-column is-layout-flow wp-block-column-is-layout-flow\"><div class=\"wp-block-image is-style-default\">\n<figure class=\"aligncenter size-large is-resized\"><img decoding=\"async\" src=\"http:\/\/medicalpc.cz\/wp-content\/uploads\/2024\/07\/hp_features_servis@2x-150x150.png\" alt=\"\" style=\"width:100px\"\/><\/figure>\n<\/div>\n\n\n<h3 class=\"wp-block-heading has-text-align-center\">Premium Service<\/h3>\n\n\n\n<p class=\"has-text-align-center eplus-wrapper\">For critical deployments, we offer premium ON-SITE service (on-site warranty repair) and IN-TIME service (reduced repair and troubleshooting within a specified time).<\/p>\n<\/div>\n\n\n\n<div class=\"wp-block-column is-layout-flow wp-block-column-is-layout-flow\"><div class=\"wp-block-image\">\n<figure class=\"aligncenter size-large is-resized\"><img decoding=\"async\" src=\"http:\/\/medicalpc.cz\/wp-content\/uploads\/2024\/07\/zapujceni_zbozi@2x-150x150.png\" alt=\"\" style=\"width:100px\"\/><\/figure>\n<\/div>\n\n\n<h3 class=\"wp-block-heading has-text-align-center\">Installation on site<\/h3>\n\n\n\n<p class=\"has-text-align-center eplus-wrapper\">We'll bring the device to you, plug it in, bring it to life and set up everything you need, including network connectivity for seamless communication with your existing systems.<\/p>\n<\/div>\n\n\n\n<div class=\"wp-block-column is-layout-flow wp-block-column-is-layout-flow\"><div class=\"wp-block-image\">\n<figure class=\"aligncenter size-large is-resized\"><img decoding=\"async\" src=\"http:\/\/medicalpc.cz\/wp-content\/uploads\/2024\/07\/zaruka@2x-150x150.png\" alt=\"\" style=\"width:100px\"\/><\/figure>\n<\/div>\n\n\n<h3 class=\"wp-block-heading has-text-align-center\">Warranty Extension<\/h3>\n\n\n\n<p class=\"has-text-align-center eplus-wrapper\">For new equipment, it is possible to purchase a favourable extended warranty for 3, 4 and 5 years. In addition, combined with ON-TIME and IN-TIME service, you have almost nothing to worry about.<\/p>\n<\/div>\n<\/div>\n\n\n<div class=\"tpgb-empty-space tpgb-block-1a87_258\"><\/div>","protected":false},"excerpt":{"rendered":"KLADEME D\u016eRAZ NA VYSOKOU KVALITU A SPOLEHLIVOST V\u0160ECHNA PROD\u00c1VAN\u00c1 ZA\u0158\u00cdZEN\u00cd SPL\u0147UJI PO\u017dADOVAN\u00c9 NORMY A CERTIFIKACE Portfolio nab\u00edzen\u00e9 zdravotnick\u00e9 techniky je zac\u00edleno na zkvalitn\u011bn\u00ed poskytovan\u00e9 zdravotn\u00ed p\u00e9\u010de v n\u011bkolika sm\u011brech. P\u0159edev\u0161\u00edm se jedn\u00e1 o kvalitn\u00ed a spolehliv\u00e9 monitory a po\u010d\u00edta\u010de, kter\u00e9 jsou schopny v\u011brn\u011b zachytit v\u00fdstupy l\u00e9ka\u0159sk\u00fdch p\u0159\u00edstroj\u016f na opera\u010dn\u00edch s\u00e1lech, ale i na poopera\u010dn\u00edch vy\u0161et\u0159en\u00edch [&hellip;]","protected":false},"author":2,"featured_media":9933,"parent":0,"menu_order":0,"comment_status":"closed","ping_status":"closed","template":"","meta":{"tpgb_global_settings":"","footnotes":""},"class_list":["post-258","page","type-page","status-publish","has-post-thumbnail","hentry"],"yoast_head":"<!-- This site is optimized with the Yoast SEO plugin v27.1.1 - https:\/\/yoast.com\/product\/yoast-seo-wordpress\/ -->\r\n<title>Medic\u00ednsk\u00e1 technika | AutoCont IPC a.s.<\/title>\r\n<meta name=\"description\" content=\"P\u0159edstavujeme V\u00e1m portofolio medic\u00ednsk\u00e9 techniky spole\u010dnosti AutoCont IPC a.s., kter\u00e1 na trhu s pr\u016fmyslovou technikou p\u016fsob\u00ed ji\u017e p\u0159es 26 let ...\" \/>\r\n<meta name=\"robots\" content=\"index, follow, max-snippet:-1, max-image-preview:large, max-video-preview:-1\" \/>\r\n<link rel=\"canonical\" href=\"https:\/\/medicalpc.cz\/en\/\" \/>\r\n<meta property=\"og:locale\" content=\"en_GB\" \/>\r\n<meta property=\"og:type\" content=\"article\" \/>\r\n<meta property=\"og:title\" content=\"Medic\u00ednsk\u00e1 technika | AutoCont IPC a.s.\" \/>\r\n<meta property=\"og:description\" content=\"P\u0159edstavujeme V\u00e1m portofolio medic\u00ednsk\u00e9 techniky spole\u010dnosti AutoCont IPC a.s., kter\u00e1 na trhu s pr\u016fmyslovou technikou p\u016fsob\u00ed ji\u017e p\u0159es 26 let ...\" \/>\r\n<meta property=\"og:url\" content=\"https:\/\/medicalpc.cz\/en\/\" \/>\r\n<meta property=\"og:site_name\" content=\"MedicalPC\" \/>\r\n<meta property=\"article:modified_time\" content=\"2024-07-31T13:08:32+00:00\" \/>\r\n<meta name=\"twitter:card\" content=\"summary_large_image\" \/>\r\n<meta name=\"twitter:label1\" content=\"Estimated reading time\" \/>\n\t<meta name=\"twitter:data1\" content=\"3 minutes\" \/>\r\n<script type=\"application\/ld+json\" class=\"yoast-schema-graph\">{\"@context\":\"https:\/\/schema.org\",\"@graph\":[{\"@type\":\"WebPage\",\"@id\":\"https:\/\/medicalpc.cz\/\",\"url\":\"https:\/\/medicalpc.cz\/\",\"name\":\"Medic\u00ednsk\u00e1 technika | AutoCont IPC a.s.\",\"isPartOf\":{\"@id\":\"https:\/\/medicalpc.cz\/#website\"},\"primaryImageOfPage\":{\"@id\":\"https:\/\/medicalpc.cz\/#primaryimage\"},\"image\":{\"@id\":\"https:\/\/medicalpc.cz\/#primaryimage\"},\"thumbnailUrl\":\"\",\"datePublished\":\"2016-02-28T12:12:08+00:00\",\"dateModified\":\"2024-07-31T13:08:32+00:00\",\"description\":\"P\u0159edstavujeme V\u00e1m portofolio medic\u00ednsk\u00e9 techniky spole\u010dnosti AutoCont IPC a.s., kter\u00e1 na trhu s pr\u016fmyslovou technikou p\u016fsob\u00ed ji\u017e p\u0159es 26 let ...\",\"breadcrumb\":{\"@id\":\"https:\/\/medicalpc.cz\/#breadcrumb\"},\"inLanguage\":\"en-GB\",\"potentialAction\":[{\"@type\":\"ReadAction\",\"target\":[\"https:\/\/medicalpc.cz\/\"]}]},{\"@type\":\"ImageObject\",\"inLanguage\":\"en-GB\",\"@id\":\"https:\/\/medicalpc.cz\/#primaryimage\",\"url\":\"\",\"contentUrl\":\"\"},{\"@type\":\"BreadcrumbList\",\"@id\":\"https:\/\/medicalpc.cz\/#breadcrumb\",\"itemListElement\":[{\"@type\":\"ListItem\",\"position\":1,\"name\":\"Dom\u016f\",\"item\":\"https:\/\/medicalpc.cz\/\"},{\"@type\":\"ListItem\",\"position\":2,\"name\":\"Homepage\"}]},{\"@type\":\"WebSite\",\"@id\":\"https:\/\/medicalpc.cz\/#website\",\"url\":\"https:\/\/medicalpc.cz\/\",\"name\":\"MedicalPC\",\"description\":\"\",\"potentialAction\":[{\"@type\":\"SearchAction\",\"target\":{\"@type\":\"EntryPoint\",\"urlTemplate\":\"https:\/\/medicalpc.cz\/?s={search_term_string}\"},\"query-input\":{\"@type\":\"PropertyValueSpecification\",\"valueRequired\":true,\"valueName\":\"search_term_string\"}}],\"inLanguage\":\"en-GB\"}]}<\/script>\r\n<!-- \/ Yoast SEO plugin. -->","yoast_head_json":{"title":"Medic\u00ednsk\u00e1 technika | AutoCont IPC a.s.","description":"P\u0159edstavujeme V\u00e1m portofolio medic\u00ednsk\u00e9 techniky spole\u010dnosti AutoCont IPC a.s., kter\u00e1 na trhu s pr\u016fmyslovou technikou p\u016fsob\u00ed ji\u017e p\u0159es 26 let ...","robots":{"index":"index","follow":"follow","max-snippet":"max-snippet:-1","max-image-preview":"max-image-preview:large","max-video-preview":"max-video-preview:-1"},"canonical":"https:\/\/medicalpc.cz\/en\/","og_locale":"en_GB","og_type":"article","og_title":"Medic\u00ednsk\u00e1 technika | AutoCont IPC a.s.","og_description":"P\u0159edstavujeme V\u00e1m portofolio medic\u00ednsk\u00e9 techniky spole\u010dnosti AutoCont IPC a.s., kter\u00e1 na trhu s pr\u016fmyslovou technikou p\u016fsob\u00ed ji\u017e p\u0159es 26 let ...","og_url":"https:\/\/medicalpc.cz\/en\/","og_site_name":"MedicalPC","article_modified_time":"2024-07-31T13:08:32+00:00","twitter_card":"summary_large_image","twitter_misc":{"Estimated reading time":"3 minutes"},"schema":{"@context":"https:\/\/schema.org","@graph":[{"@type":"WebPage","@id":"https:\/\/medicalpc.cz\/","url":"https:\/\/medicalpc.cz\/","name":"Medic\u00ednsk\u00e1 technika | AutoCont IPC a.s.","isPartOf":{"@id":"https:\/\/medicalpc.cz\/#website"},"primaryImageOfPage":{"@id":"https:\/\/medicalpc.cz\/#primaryimage"},"image":{"@id":"https:\/\/medicalpc.cz\/#primaryimage"},"thumbnailUrl":"","datePublished":"2016-02-28T12:12:08+00:00","dateModified":"2024-07-31T13:08:32+00:00","description":"P\u0159edstavujeme V\u00e1m portofolio medic\u00ednsk\u00e9 techniky spole\u010dnosti AutoCont IPC a.s., kter\u00e1 na trhu s pr\u016fmyslovou technikou p\u016fsob\u00ed ji\u017e p\u0159es 26 let ...","breadcrumb":{"@id":"https:\/\/medicalpc.cz\/#breadcrumb"},"inLanguage":"en-GB","potentialAction":[{"@type":"ReadAction","target":["https:\/\/medicalpc.cz\/"]}]},{"@type":"ImageObject","inLanguage":"en-GB","@id":"https:\/\/medicalpc.cz\/#primaryimage","url":"","contentUrl":""},{"@type":"BreadcrumbList","@id":"https:\/\/medicalpc.cz\/#breadcrumb","itemListElement":[{"@type":"ListItem","position":1,"name":"Dom\u016f","item":"https:\/\/medicalpc.cz\/"},{"@type":"ListItem","position":2,"name":"Homepage"}]},{"@type":"WebSite","@id":"https:\/\/medicalpc.cz\/#website","url":"https:\/\/medicalpc.cz\/","name":"MedicalPC","description":"","potentialAction":[{"@type":"SearchAction","target":{"@type":"EntryPoint","urlTemplate":"https:\/\/medicalpc.cz\/?s={search_term_string}"},"query-input":{"@type":"PropertyValueSpecification","valueRequired":true,"valueName":"search_term_string"}}],"inLanguage":"en-GB"}]}},"tpgb_featured_images":null,"tpgb_post_meta_info":{"get_date":"28. 2. 2016","get_modified_date":"31. 7. 2024","author_name":"Jan Fojt\u00edk","author_url":"https:\/\/medicalpc.cz\/en\/author\/jan-fojtik\/","author_email":"fojtikjan.02@seznam.cz","author_website":"","author_description":"","author_facebook":"","author_twitter":"","author_instagram":"","author_role":["administrator"],"author_firstname":"Jan","author_lastname":"Fojt\u00edk","user_login":"jan.fojtik","author_avatar":"<img alt='' src='https:\/\/secure.gravatar.com\/avatar\/f4176f261e0f97e1c976dbc65ddfa2b7accf6e186364c3630489b82c5c8194c1?s=200&#038;d=mm&#038;r=g' srcset='https:\/\/secure.gravatar.com\/avatar\/f4176f261e0f97e1c976dbc65ddfa2b7accf6e186364c3630489b82c5c8194c1?s=400&#038;d=mm&#038;r=g 2x' class='avatar avatar-200 photo' height='200' width='200' loading='lazy' decoding='async'\/>","author_avatar_url":"https:\/\/secure.gravatar.com\/avatar\/f4176f261e0f97e1c976dbc65ddfa2b7accf6e186364c3630489b82c5c8194c1?s=96&d=mm&r=g","comment_count":0,"post_likes":0,"post_views":0},"tpgb_post_category":[],"_links":{"self":[{"href":"https:\/\/medicalpc.cz\/en\/wp-json\/wp\/v2\/pages\/258","targetHints":{"allow":["GET"]}}],"collection":[{"href":"https:\/\/medicalpc.cz\/en\/wp-json\/wp\/v2\/pages"}],"about":[{"href":"https:\/\/medicalpc.cz\/en\/wp-json\/wp\/v2\/types\/page"}],"author":[{"embeddable":true,"href":"https:\/\/medicalpc.cz\/en\/wp-json\/wp\/v2\/users\/2"}],"replies":[{"embeddable":true,"href":"https:\/\/medicalpc.cz\/en\/wp-json\/wp\/v2\/comments?post=258"}],"version-history":[{"count":4,"href":"https:\/\/medicalpc.cz\/en\/wp-json\/wp\/v2\/pages\/258\/revisions"}],"predecessor-version":[{"id":9985,"href":"https:\/\/medicalpc.cz\/en\/wp-json\/wp\/v2\/pages\/258\/revisions\/9985"}],"wp:featuredmedia":[{"embeddable":true,"href":"https:\/\/medicalpc.cz\/en\/wp-json\/"}],"wp:attachment":[{"href":"https:\/\/medicalpc.cz\/en\/wp-json\/wp\/v2\/media?parent=258"}],"curies":[{"name":"wp","href":"https:\/\/api.w.org\/{rel}","templated":true}]}}