{"id":15,"date":"2016-02-28T12:00:08","date_gmt":"2016-02-28T12:00:08","guid":{"rendered":"http:\/\/www.autocont-ipc.cz\/?page_id=15"},"modified":"2024-08-20T12:20:22","modified_gmt":"2024-08-20T10:20:22","slug":"produkty","status":"publish","type":"page","link":"https:\/\/medicalpc.cz\/en\/produkty\/","title":{"rendered":"Products"},"content":{"rendered":"","protected":false},"excerpt":{"rendered":"","protected":false},"author":2,"featured_media":9933,"parent":0,"menu_order":0,"comment_status":"closed","ping_status":"closed","template":"page-products.php","meta":{"tpgb_global_settings":"","footnotes":""},"class_list":["post-15","page","type-page","status-publish","has-post-thumbnail","hentry"],"yoast_head":"<!-- This site is optimized with the Yoast SEO plugin v27.1.1 - https:\/\/yoast.com\/product\/yoast-seo-wordpress\/ -->\r\n<title>Produkty | MedicalPC<\/title>\r\n<meta name=\"description\" content=\"Nab\u00edz\u00edme produkty z t\u011bchto odv\u011btv\u00ed: medic\u00ednsk\u00e9 po\u010d\u00edta\u010de, medic\u00ednsk\u00e9 displeje, medic\u00ednsk\u00e9 tablety a medic\u00ednsk\u00e9 dopl\u0148ky.\" \/>\r\n<meta name=\"robots\" content=\"index, follow, max-snippet:-1, max-image-preview:large, max-video-preview:-1\" \/>\r\n<link rel=\"canonical\" href=\"https:\/\/medicalpc.cz\/en\/produkty\/\" \/>\r\n<meta property=\"og:locale\" content=\"en_GB\" \/>\r\n<meta property=\"og:type\" content=\"article\" \/>\r\n<meta property=\"og:title\" content=\"Produkty | MedicalPC\" \/>\r\n<meta property=\"og:description\" content=\"Nab\u00edz\u00edme produkty z t\u011bchto odv\u011btv\u00ed: medic\u00ednsk\u00e9 po\u010d\u00edta\u010de, medic\u00ednsk\u00e9 displeje, medic\u00ednsk\u00e9 tablety a medic\u00ednsk\u00e9 dopl\u0148ky.\" \/>\r\n<meta property=\"og:url\" content=\"https:\/\/medicalpc.cz\/en\/produkty\/\" \/>\r\n<meta property=\"og:site_name\" content=\"MedicalPC\" \/>\r\n<meta property=\"article:modified_time\" content=\"2024-08-20T10:20:22+00:00\" \/>\r\n<meta name=\"twitter:card\" content=\"summary_large_image\" \/>\r\n<script type=\"application\/ld+json\" class=\"yoast-schema-graph\">{\"@context\":\"https:\/\/schema.org\",\"@graph\":[{\"@type\":\"WebPage\",\"@id\":\"https:\/\/medicalpc.cz\/produkty\/\",\"url\":\"https:\/\/medicalpc.cz\/produkty\/\",\"name\":\"Produkty | MedicalPC\",\"isPartOf\":{\"@id\":\"https:\/\/medicalpc.cz\/#website\"},\"primaryImageOfPage\":{\"@id\":\"https:\/\/medicalpc.cz\/produkty\/#primaryimage\"},\"image\":{\"@id\":\"https:\/\/medicalpc.cz\/produkty\/#primaryimage\"},\"thumbnailUrl\":\"\",\"datePublished\":\"2016-02-28T12:00:08+00:00\",\"dateModified\":\"2024-08-20T10:20:22+00:00\",\"description\":\"Nab\u00edz\u00edme produkty z t\u011bchto odv\u011btv\u00ed: medic\u00ednsk\u00e9 po\u010d\u00edta\u010de, medic\u00ednsk\u00e9 displeje, medic\u00ednsk\u00e9 tablety a medic\u00ednsk\u00e9 dopl\u0148ky.\",\"breadcrumb\":{\"@id\":\"https:\/\/medicalpc.cz\/produkty\/#breadcrumb\"},\"inLanguage\":\"en-GB\",\"potentialAction\":[{\"@type\":\"ReadAction\",\"target\":[\"https:\/\/medicalpc.cz\/produkty\/\"]}]},{\"@type\":\"ImageObject\",\"inLanguage\":\"en-GB\",\"@id\":\"https:\/\/medicalpc.cz\/produkty\/#primaryimage\",\"url\":\"\",\"contentUrl\":\"\"},{\"@type\":\"BreadcrumbList\",\"@id\":\"https:\/\/medicalpc.cz\/produkty\/#breadcrumb\",\"itemListElement\":[{\"@type\":\"ListItem\",\"position\":1,\"name\":\"Dom\u016f\",\"item\":\"https:\/\/medicalpc.cz\/\"},{\"@type\":\"ListItem\",\"position\":2,\"name\":\"Produkty\"}]},{\"@type\":\"WebSite\",\"@id\":\"https:\/\/medicalpc.cz\/#website\",\"url\":\"https:\/\/medicalpc.cz\/\",\"name\":\"MedicalPC\",\"description\":\"\",\"potentialAction\":[{\"@type\":\"SearchAction\",\"target\":{\"@type\":\"EntryPoint\",\"urlTemplate\":\"https:\/\/medicalpc.cz\/?s={search_term_string}\"},\"query-input\":{\"@type\":\"PropertyValueSpecification\",\"valueRequired\":true,\"valueName\":\"search_term_string\"}}],\"inLanguage\":\"en-GB\"}]}<\/script>\r\n<!-- \/ Yoast SEO plugin. -->","yoast_head_json":{"title":"Produkty | MedicalPC","description":"Nab\u00edz\u00edme produkty z t\u011bchto odv\u011btv\u00ed: medic\u00ednsk\u00e9 po\u010d\u00edta\u010de, medic\u00ednsk\u00e9 displeje, medic\u00ednsk\u00e9 tablety a medic\u00ednsk\u00e9 dopl\u0148ky.","robots":{"index":"index","follow":"follow","max-snippet":"max-snippet:-1","max-image-preview":"max-image-preview:large","max-video-preview":"max-video-preview:-1"},"canonical":"https:\/\/medicalpc.cz\/en\/produkty\/","og_locale":"en_GB","og_type":"article","og_title":"Produkty | MedicalPC","og_description":"Nab\u00edz\u00edme produkty z t\u011bchto odv\u011btv\u00ed: medic\u00ednsk\u00e9 po\u010d\u00edta\u010de, medic\u00ednsk\u00e9 displeje, medic\u00ednsk\u00e9 tablety a medic\u00ednsk\u00e9 dopl\u0148ky.","og_url":"https:\/\/medicalpc.cz\/en\/produkty\/","og_site_name":"MedicalPC","article_modified_time":"2024-08-20T10:20:22+00:00","twitter_card":"summary_large_image","schema":{"@context":"https:\/\/schema.org","@graph":[{"@type":"WebPage","@id":"https:\/\/medicalpc.cz\/produkty\/","url":"https:\/\/medicalpc.cz\/produkty\/","name":"Produkty | MedicalPC","isPartOf":{"@id":"https:\/\/medicalpc.cz\/#website"},"primaryImageOfPage":{"@id":"https:\/\/medicalpc.cz\/produkty\/#primaryimage"},"image":{"@id":"https:\/\/medicalpc.cz\/produkty\/#primaryimage"},"thumbnailUrl":"","datePublished":"2016-02-28T12:00:08+00:00","dateModified":"2024-08-20T10:20:22+00:00","description":"Nab\u00edz\u00edme produkty z t\u011bchto odv\u011btv\u00ed: medic\u00ednsk\u00e9 po\u010d\u00edta\u010de, medic\u00ednsk\u00e9 displeje, medic\u00ednsk\u00e9 tablety a medic\u00ednsk\u00e9 dopl\u0148ky.","breadcrumb":{"@id":"https:\/\/medicalpc.cz\/produkty\/#breadcrumb"},"inLanguage":"en-GB","potentialAction":[{"@type":"ReadAction","target":["https:\/\/medicalpc.cz\/produkty\/"]}]},{"@type":"ImageObject","inLanguage":"en-GB","@id":"https:\/\/medicalpc.cz\/produkty\/#primaryimage","url":"","contentUrl":""},{"@type":"BreadcrumbList","@id":"https:\/\/medicalpc.cz\/produkty\/#breadcrumb","itemListElement":[{"@type":"ListItem","position":1,"name":"Dom\u016f","item":"https:\/\/medicalpc.cz\/"},{"@type":"ListItem","position":2,"name":"Produkty"}]},{"@type":"WebSite","@id":"https:\/\/medicalpc.cz\/#website","url":"https:\/\/medicalpc.cz\/","name":"MedicalPC","description":"","potentialAction":[{"@type":"SearchAction","target":{"@type":"EntryPoint","urlTemplate":"https:\/\/medicalpc.cz\/?s={search_term_string}"},"query-input":{"@type":"PropertyValueSpecification","valueRequired":true,"valueName":"search_term_string"}}],"inLanguage":"en-GB"}]}},"tpgb_featured_images":null,"tpgb_post_meta_info":{"get_date":"28. 2. 2016","get_modified_date":"20. 8. 2024","author_name":"Jan Fojt\u00edk","author_url":"https:\/\/medicalpc.cz\/en\/author\/jan-fojtik\/","author_email":"fojtikjan.02@seznam.cz","author_website":"","author_description":"","author_facebook":"","author_twitter":"","author_instagram":"","author_role":["administrator"],"author_firstname":"Jan","author_lastname":"Fojt\u00edk","user_login":"jan.fojtik","author_avatar":"<img alt='' src='https:\/\/secure.gravatar.com\/avatar\/f4176f261e0f97e1c976dbc65ddfa2b7accf6e186364c3630489b82c5c8194c1?s=200&#038;d=mm&#038;r=g' srcset='https:\/\/secure.gravatar.com\/avatar\/f4176f261e0f97e1c976dbc65ddfa2b7accf6e186364c3630489b82c5c8194c1?s=400&#038;d=mm&#038;r=g 2x' class='avatar avatar-200 photo' height='200' width='200' loading='lazy' decoding='async'\/>","author_avatar_url":"https:\/\/secure.gravatar.com\/avatar\/f4176f261e0f97e1c976dbc65ddfa2b7accf6e186364c3630489b82c5c8194c1?s=96&d=mm&r=g","comment_count":0,"post_likes":0,"post_views":0},"tpgb_post_category":[],"_links":{"self":[{"href":"https:\/\/medicalpc.cz\/en\/wp-json\/wp\/v2\/pages\/15","targetHints":{"allow":["GET"]}}],"collection":[{"href":"https:\/\/medicalpc.cz\/en\/wp-json\/wp\/v2\/pages"}],"about":[{"href":"https:\/\/medicalpc.cz\/en\/wp-json\/wp\/v2\/types\/page"}],"author":[{"embeddable":true,"href":"https:\/\/medicalpc.cz\/en\/wp-json\/wp\/v2\/users\/2"}],"replies":[{"embeddable":true,"href":"https:\/\/medicalpc.cz\/en\/wp-json\/wp\/v2\/comments?post=15"}],"version-history":[{"count":4,"href":"https:\/\/medicalpc.cz\/en\/wp-json\/wp\/v2\/pages\/15\/revisions"}],"predecessor-version":[{"id":9990,"href":"https:\/\/medicalpc.cz\/en\/wp-json\/wp\/v2\/pages\/15\/revisions\/9990"}],"wp:featuredmedia":[{"embeddable":true,"href":"https:\/\/medicalpc.cz\/en\/wp-json\/"}],"wp:attachment":[{"href":"https:\/\/medicalpc.cz\/en\/wp-json\/wp\/v2\/media?parent=15"}],"curies":[{"name":"wp","href":"https:\/\/api.w.org\/{rel}","templated":true}]}}